{"id":611,"date":"2022-06-24T17:36:43","date_gmt":"2022-06-24T17:36:43","guid":{"rendered":"https:\/\/www.travelcompositor.com\/?page_id=611"},"modified":"2023-08-30T13:51:17","modified_gmt":"2023-08-30T11:51:17","slug":"technological-developments","status":"publish","type":"page","link":"https:\/\/travelcompositor.com\/es\/technological-developments\/","title":{"rendered":"Product developments and technology launches"},"content":{"rendered":"\t\t<div data-elementor-type=\"wp-page\" data-elementor-id=\"611\" class=\"elementor elementor-611\" data-elementor-post-type=\"page\">\n\t\t\t\t\t\t<section class=\"elementor-section elementor-top-section elementor-element elementor-element-ec2f645 elementor-section-boxed elementor-section-height-default elementor-section-height-default\" data-id=\"ec2f645\" data-element_type=\"section\" data-e-type=\"section\">\n\t\t\t\t\t\t<div class=\"elementor-container elementor-column-gap-custom\">\n\t\t\t\t\t<div class=\"elementor-column elementor-col-100 elementor-top-column elementor-element elementor-element-527b9b7\" data-id=\"527b9b7\" data-element_type=\"column\" data-e-type=\"column\">\n\t\t\t<div class=\"elementor-widget-wrap elementor-element-populated\">\n\t\t\t\t\t\t<div class=\"elementor-element elementor-element-bef49a9 elementor-widget elementor-widget-ori-folio-grid\" data-id=\"bef49a9\" data-element_type=\"widget\" data-e-type=\"widget\" data-widget_type=\"ori-folio-grid.default\">\n\t\t\t\t<div class=\"elementor-widget-container\">\n\t\t\t\t\t<div class=\"row\">\r\n    <div class=\"col-md-12\">\r\n        <ul class=\"filterUL filterShafUL clearfix text-center\">\r\n            <li class=\"active \" data-group=\"all\">All<\/li>\r\n            <li class=\"\" data-group=\"ai-trips\">Ai trips<\/li><li class=\"\" data-group=\"booking-engine\">Booking Engine<\/li><li class=\"\" data-group=\"new\">New<\/li><li class=\"\" data-group=\"business\">Business<\/li><li class=\"\" data-group=\"development\">Development<\/li>        <\/ul>\r\n    <\/div>\r\n<\/div>\r\n        <div class=\"row\" id=\"shaff_grid\">\r\n                            <div data-groups='[\"all\", \"ai-trips\", \"development\", \"new\"]' class=\" col-xl-3 col-lg-4 col-md-6 shaff_item \">\r\n                    <div class=\"projectItemV3\">\r\n                        <div class=\"piThumbV3\">\r\n                            <img decoding=\"async\" src=\"https:\/\/www.travelcompositor.com\/wp-content\/uploads\/2022\/06\/Aitrips-banners-374x374.jpg\" alt=\"New AI trips booking engine\">\r\n                            <a href=\"https:\/\/travelcompositor.com\/es\/portfolios\/new-ai-trips-booking-engine\/\"><i class=\"orbitov3-arrow-right-2\"><\/i><\/a>\r\n                        <\/div>\r\n                        <div class=\"piContentV3\">\r\n                            <div class=\"piMetaV3\">\r\n                                <a href=\"https:\/\/travelcompositor.com\/es\/folio_cat\/ai-trips\/\">Ai trips<\/a> , <a href=\"https:\/\/travelcompositor.com\/es\/folio_cat\/development\/\">Development<\/a> , <a href=\"https:\/\/travelcompositor.com\/es\/folio_cat\/new\/\">New<\/a>                            <\/div>\r\n                            <h3><a href=\"https:\/\/travelcompositor.com\/es\/portfolios\/new-ai-trips-booking-engine\/\">New AI trips booking engine<\/a><\/h3>\r\n                            \r\n                                                    <\/div>\r\n                    <\/div>\r\n                <\/div>\r\n                                <div data-groups='[\"all\", \"new\"]' class=\" col-xl-3 col-lg-4 col-md-6 shaff_item \">\r\n                    <div class=\"projectItemV3\">\r\n                        <div class=\"piThumbV3\">\r\n                            <img decoding=\"async\" src=\"https:\/\/www.travelcompositor.com\/wp-content\/uploads\/2022\/06\/cruises-banners-374x522.jpg\" alt=\"Cruises booking engine\">\r\n                            <a href=\"https:\/\/travelcompositor.com\/es\/portfolios\/cruises-booking-engine\/\"><i class=\"orbitov3-arrow-right-2\"><\/i><\/a>\r\n                        <\/div>\r\n                        <div class=\"piContentV3\">\r\n                            <div class=\"piMetaV3\">\r\n                                <a href=\"https:\/\/travelcompositor.com\/es\/folio_cat\/new\/\">New<\/a>                            <\/div>\r\n                            <h3><a href=\"https:\/\/travelcompositor.com\/es\/portfolios\/cruises-booking-engine\/\">Cruises booking engine<\/a><\/h3>\r\n                            \r\n                                                    <\/div>\r\n                    <\/div>\r\n                <\/div>\r\n                                <div data-groups='[\"all\", \"booking-engine\"]' class=\" col-xl-3 col-lg-4 col-md-6 shaff_item \">\r\n                    <div class=\"projectItemV3\">\r\n                        <div class=\"piThumbV3\">\r\n                            <img decoding=\"async\" src=\"https:\/\/www.travelcompositor.com\/wp-content\/uploads\/2022\/06\/routing-banners-374x374.jpg\" alt=\"New Routing booking engine\">\r\n                            <a href=\"https:\/\/travelcompositor.com\/es\/portfolios\/routing-booking-engine\/\"><i class=\"orbitov3-arrow-right-2\"><\/i><\/a>\r\n                        <\/div>\r\n                        <div class=\"piContentV3\">\r\n                            <div class=\"piMetaV3\">\r\n                                <a href=\"https:\/\/travelcompositor.com\/es\/folio_cat\/booking-engine\/\">Booking Engine<\/a>                            <\/div>\r\n                            <h3><a href=\"https:\/\/travelcompositor.com\/es\/portfolios\/routing-booking-engine\/\">New Routing booking engine<\/a><\/h3>\r\n                            \r\n                                                    <\/div>\r\n                    <\/div>\r\n                <\/div>\r\n                                <div data-groups='[\"all\", \"business\"]' class=\" col-xl-3 col-lg-4 col-md-6 shaff_item \">\r\n                    <div class=\"projectItemV3\">\r\n                        <div class=\"piThumbV3\">\r\n                            <img decoding=\"async\" src=\"https:\/\/www.travelcompositor.com\/wp-content\/uploads\/2022\/06\/Marketplace-banners-374x522.jpg\" alt=\"New Marketplace 2.0\u200b\">\r\n                            <a href=\"https:\/\/travelcompositor.com\/es\/portfolios\/marketplace-travelc\/\"><i class=\"orbitov3-arrow-right-2\"><\/i><\/a>\r\n                        <\/div>\r\n                        <div class=\"piContentV3\">\r\n                            <div class=\"piMetaV3\">\r\n                                <a href=\"https:\/\/travelcompositor.com\/es\/folio_cat\/business\/\">Business<\/a>                            <\/div>\r\n                            <h3><a href=\"https:\/\/travelcompositor.com\/es\/portfolios\/marketplace-travelc\/\">New Marketplace 2.0\u200b<\/a><\/h3>\r\n                            \r\n                                                    <\/div>\r\n                    <\/div>\r\n                <\/div>\r\n                                <div data-groups='[\"all\", \"business\"]' class=\" col-xl-3 col-lg-4 col-md-6 shaff_item \">\r\n                    <div class=\"projectItemV3\">\r\n                        <div class=\"piThumbV3\">\r\n                            <img decoding=\"async\" src=\"https:\/\/www.travelcompositor.com\/wp-content\/uploads\/2022\/06\/PoweBI-banners-374x522.jpg\" alt=\"Power BI\">\r\n                            <a href=\"https:\/\/travelcompositor.com\/es\/portfolios\/improve-your-results-with-power-bi\/\"><i class=\"orbitov3-arrow-right-2\"><\/i><\/a>\r\n                        <\/div>\r\n                        <div class=\"piContentV3\">\r\n                            <div class=\"piMetaV3\">\r\n                                <a href=\"https:\/\/travelcompositor.com\/es\/folio_cat\/business\/\">Business<\/a>                            <\/div>\r\n                            <h3><a href=\"https:\/\/travelcompositor.com\/es\/portfolios\/improve-your-results-with-power-bi\/\">Power BI<\/a><\/h3>\r\n                            \r\n                                                    <\/div>\r\n                    <\/div>\r\n                <\/div>\r\n                                <div data-groups='[\"all\", ]' class=\" col-xl-3 col-lg-4 col-md-6 shaff_item \">\r\n                    <div class=\"projectItemV3\">\r\n                        <div class=\"piThumbV3\">\r\n                            <img decoding=\"async\" src=\"https:\/\/www.travelcompositor.com\/wp-content\/uploads\/2022\/06\/Giftbox-banners-374x374.jpg\" alt=\"GIFT BOX\">\r\n                            <a href=\"https:\/\/travelcompositor.com\/es\/portfolios\/gift-box\/\"><i class=\"orbitov3-arrow-right-2\"><\/i><\/a>\r\n                        <\/div>\r\n                        <div class=\"piContentV3\">\r\n                            <div class=\"piMetaV3\">\r\n                                                            <\/div>\r\n                            <h3><a href=\"https:\/\/travelcompositor.com\/es\/portfolios\/gift-box\/\">GIFT BOX<\/a><\/h3>\r\n                            \r\n                                                    <\/div>\r\n                    <\/div>\r\n                <\/div>\r\n                                <div data-groups='[\"all\", \"new\"]' class=\" col-xl-3 col-lg-4 col-md-6 shaff_item \">\r\n                    <div class=\"projectItemV3\">\r\n                        <div class=\"piThumbV3\">\r\n                            <img decoding=\"async\" src=\"https:\/\/www.travelcompositor.com\/wp-content\/uploads\/2022\/06\/moapp-banners-374x374.jpg\" alt=\"MO App\">\r\n                            <a href=\"https:\/\/travelcompositor.com\/es\/portfolios\/mo-app\/\"><i class=\"orbitov3-arrow-right-2\"><\/i><\/a>\r\n                        <\/div>\r\n                        <div class=\"piContentV3\">\r\n                            <div class=\"piMetaV3\">\r\n                                <a href=\"https:\/\/travelcompositor.com\/es\/folio_cat\/new\/\">New<\/a>                            <\/div>\r\n                            <h3><a href=\"https:\/\/travelcompositor.com\/es\/portfolios\/mo-app\/\">MO App<\/a><\/h3>\r\n                            \r\n                                                    <\/div>\r\n                    <\/div>\r\n                <\/div>\r\n                                <div data-groups='[\"all\", \"business\", \"new\"]' class=\" col-xl-3 col-lg-4 col-md-6 shaff_item \">\r\n                    <div class=\"projectItemV3\">\r\n                        <div class=\"piThumbV3\">\r\n                            <img decoding=\"async\" src=\"https:\/\/www.travelcompositor.com\/wp-content\/uploads\/2022\/06\/repricing-banners-374x522.jpg\" alt=\"Hotel repricing\">\r\n                            <a href=\"https:\/\/travelcompositor.com\/es\/portfolios\/hotel-repricing\/\"><i class=\"orbitov3-arrow-right-2\"><\/i><\/a>\r\n                        <\/div>\r\n                        <div class=\"piContentV3\">\r\n                            <div class=\"piMetaV3\">\r\n                                <a href=\"https:\/\/travelcompositor.com\/es\/folio_cat\/business\/\">Business<\/a> , <a href=\"https:\/\/travelcompositor.com\/es\/folio_cat\/new\/\">New<\/a>                            <\/div>\r\n                            <h3><a href=\"https:\/\/travelcompositor.com\/es\/portfolios\/hotel-repricing\/\">Hotel repricing<\/a><\/h3>\r\n                            \r\n                                                    <\/div>\r\n                    <\/div>\r\n                <\/div>\r\n                            <div class=\"col-md-1 col-xl-1 shafSizer\"><\/div>        <\/div>\r\n                <div class=\"row\">\r\n            <div class=\"col-lg-12\">\r\n                <div class=\"folioPagePagination paginationAlign-center\">\r\n                                    <\/div>\r\n            <\/div>  \r\n        <\/div>\r\n        \t\t\t\t<\/div>\n\t\t\t\t<\/div>\n\t\t\t\t\t<\/div>\n\t\t<\/div>\n\t\t\t\t\t<\/div>\n\t\t<\/section>\n\t\t\t\t<\/div>\n\t\t","protected":false},"excerpt":{"rendered":"<p>All Ai trips Motor de reservas Novedad Business Development Ai trips , Development , Novedad Nuevo motor AI trips Novedad Nuevo motor de Cruceros Motor de reservas Nuevo motor de Routing Business Nuevo Marketplace 2.0\u200b Business Mejora tus resultados con Power BI Novedad Nuevo motor GIFTBOX Novedad MO App. La app de \u00faltima milla Business [&hellip;]<\/p>\n","protected":false},"author":1,"featured_media":0,"parent":0,"menu_order":0,"comment_status":"closed","ping_status":"closed","template":"","meta":{"footnotes":""},"class_list":["post-611","page","type-page","status-publish","hentry"],"yoast_head":"<!-- This site is optimized with the Yoast SEO plugin v27.5 - https:\/\/yoast.com\/product\/yoast-seo-wordpress\/ -->\n<title>Product developments and technology launches | Travel Compositor - The Holistic System by TravelSoft<\/title>\n<meta name=\"description\" content=\"Technological solutions for travel agency networks, tour operators, OTAs and DMCs. Power your business with our tools.\" \/>\n<meta name=\"robots\" content=\"index, follow, max-snippet:-1, max-image-preview:large, max-video-preview:-1\" \/>\n<link rel=\"canonical\" href=\"https:\/\/travelcompositor.com\/es\/technological-developments\/\" \/>\n<meta property=\"og:locale\" content=\"es_ES\" \/>\n<meta property=\"og:type\" content=\"article\" \/>\n<meta property=\"og:title\" content=\"Product developments and technology launches | Travel Compositor - The Holistic System by TravelSoft\" \/>\n<meta property=\"og:description\" content=\"Technological solutions for travel agency networks, tour operators, OTAs and DMCs. Power your business with our tools.\" \/>\n<meta property=\"og:url\" content=\"https:\/\/travelcompositor.com\/es\/technological-developments\/\" \/>\n<meta property=\"og:site_name\" content=\"Travel Compositor - The Holistic System by TravelSoft\" \/>\n<meta property=\"article:modified_time\" content=\"2023-08-30T11:51:17+00:00\" \/>\n<meta property=\"og:image\" content=\"https:\/\/www.travelcompositor.com\/wp-content\/uploads\/2023\/07\/Aitrips-374x374.jpg\" \/>\n<meta name=\"twitter:card\" content=\"summary_large_image\" \/>\n<meta name=\"twitter:site\" content=\"@TravelC_online\" \/>\n<meta name=\"twitter:label1\" content=\"Tiempo de lectura\" \/>\n\t<meta name=\"twitter:data1\" content=\"2 minutos\" \/>\n<script type=\"application\/ld+json\" class=\"yoast-schema-graph\">{\"@context\":\"https:\\\/\\\/schema.org\",\"@graph\":[{\"@type\":\"WebPage\",\"@id\":\"https:\\\/\\\/travelcompositor.com\\\/technological-developments\\\/\",\"url\":\"https:\\\/\\\/travelcompositor.com\\\/technological-developments\\\/\",\"name\":\"Product developments and technology launches | Travel Compositor - The Holistic System by TravelSoft\",\"isPartOf\":{\"@id\":\"https:\\\/\\\/travelcompositor.com\\\/es\\\/#website\"},\"primaryImageOfPage\":{\"@id\":\"https:\\\/\\\/travelcompositor.com\\\/technological-developments\\\/#primaryimage\"},\"image\":{\"@id\":\"https:\\\/\\\/travelcompositor.com\\\/technological-developments\\\/#primaryimage\"},\"thumbnailUrl\":\"https:\\\/\\\/www.travelcompositor.com\\\/wp-content\\\/uploads\\\/2023\\\/07\\\/Aitrips-374x374.jpg\",\"datePublished\":\"2022-06-24T17:36:43+00:00\",\"dateModified\":\"2023-08-30T11:51:17+00:00\",\"description\":\"Technological solutions for travel agency networks, tour operators, OTAs and DMCs. Power your business with our tools.\",\"breadcrumb\":{\"@id\":\"https:\\\/\\\/travelcompositor.com\\\/technological-developments\\\/#breadcrumb\"},\"inLanguage\":\"es\",\"potentialAction\":[{\"@type\":\"ReadAction\",\"target\":[\"https:\\\/\\\/travelcompositor.com\\\/technological-developments\\\/\"]}]},{\"@type\":\"ImageObject\",\"inLanguage\":\"es\",\"@id\":\"https:\\\/\\\/travelcompositor.com\\\/technological-developments\\\/#primaryimage\",\"url\":\"https:\\\/\\\/www.travelcompositor.com\\\/wp-content\\\/uploads\\\/2023\\\/07\\\/Aitrips-374x374.jpg\",\"contentUrl\":\"https:\\\/\\\/www.travelcompositor.com\\\/wp-content\\\/uploads\\\/2023\\\/07\\\/Aitrips-374x374.jpg\"},{\"@type\":\"BreadcrumbList\",\"@id\":\"https:\\\/\\\/travelcompositor.com\\\/technological-developments\\\/#breadcrumb\",\"itemListElement\":[{\"@type\":\"ListItem\",\"position\":1,\"name\":\"Portada\",\"item\":\"https:\\\/\\\/travelcompositor.com\\\/\"},{\"@type\":\"ListItem\",\"position\":2,\"name\":\"Product developments and technology launches\"}]},{\"@type\":\"WebSite\",\"@id\":\"https:\\\/\\\/travelcompositor.com\\\/es\\\/#website\",\"url\":\"https:\\\/\\\/travelcompositor.com\\\/es\\\/\",\"name\":\"Travel Compositor - The Holistic System by TravelSoft\",\"description\":\"El \u00fanico sistema Hol\u00edstico de venta de viajes. nuestra tecnolog\u00eda ofrece todos los servicios necesarios para un viaje en una sola sesi\u00f3n y pago. Porque tenemos un modelo disponible para cada tipo de empresas de turismo, viajes y ocio. Porque ofrecemos un mundo servicios y valores a\u00f1adidos alrededor de la tecnolog\u00eda convirtiendonos en algo m\u00e1s que un proveedor, un generador de negocio y tu mejor socio para tu \u00e9xito y crecimiento.\",\"publisher\":{\"@id\":\"https:\\\/\\\/travelcompositor.com\\\/es\\\/#organization\"},\"alternateName\":\"Travel Compositor - The Holistic System by TravelSoft\",\"potentialAction\":[{\"@type\":\"SearchAction\",\"target\":{\"@type\":\"EntryPoint\",\"urlTemplate\":\"https:\\\/\\\/travelcompositor.com\\\/es\\\/?s={search_term_string}\"},\"query-input\":{\"@type\":\"PropertyValueSpecification\",\"valueRequired\":true,\"valueName\":\"search_term_string\"}}],\"inLanguage\":\"es\"},{\"@type\":\"Organization\",\"@id\":\"https:\\\/\\\/travelcompositor.com\\\/es\\\/#organization\",\"name\":\"Travel Compositor - The Holistic System by TravelSoft\",\"alternateName\":\"TravelC\",\"url\":\"https:\\\/\\\/travelcompositor.com\\\/es\\\/\",\"logo\":{\"@type\":\"ImageObject\",\"inLanguage\":\"es\",\"@id\":\"https:\\\/\\\/travelcompositor.com\\\/es\\\/#\\\/schema\\\/logo\\\/image\\\/\",\"url\":\"\",\"contentUrl\":\"\",\"caption\":\"Travel Compositor - The Holistic System by TravelSoft\"},\"image\":{\"@id\":\"https:\\\/\\\/travelcompositor.com\\\/es\\\/#\\\/schema\\\/logo\\\/image\\\/\"},\"sameAs\":[\"https:\\\/\\\/x.com\\\/TravelC_online\",\"https:\\\/\\\/www.linkedin.com\\\/company\\\/travelcompositor\\\/\",\"https:\\\/\\\/www.youtube.com\\\/channel\\\/UC7fnIOjOmM55eHolZtlIpsw\"]}]}<\/script>\n<!-- \/ Yoast SEO plugin. -->","yoast_head_json":{"title":"Product developments and technology launches | Travel Compositor - The Holistic System by TravelSoft","description":"Technological solutions for travel agency networks, tour operators, OTAs and DMCs. Power your business with our tools.","robots":{"index":"index","follow":"follow","max-snippet":"max-snippet:-1","max-image-preview":"max-image-preview:large","max-video-preview":"max-video-preview:-1"},"canonical":"https:\/\/travelcompositor.com\/es\/technological-developments\/","og_locale":"es_ES","og_type":"article","og_title":"Product developments and technology launches | Travel Compositor - The Holistic System by TravelSoft","og_description":"Technological solutions for travel agency networks, tour operators, OTAs and DMCs. Power your business with our tools.","og_url":"https:\/\/travelcompositor.com\/es\/technological-developments\/","og_site_name":"Travel Compositor - The Holistic System by TravelSoft","article_modified_time":"2023-08-30T11:51:17+00:00","og_image":[{"url":"https:\/\/www.travelcompositor.com\/wp-content\/uploads\/2023\/07\/Aitrips-374x374.jpg","type":"","width":"","height":""}],"twitter_card":"summary_large_image","twitter_site":"@TravelC_online","twitter_misc":{"Tiempo de lectura":"2 minutos"},"schema":{"@context":"https:\/\/schema.org","@graph":[{"@type":"WebPage","@id":"https:\/\/travelcompositor.com\/technological-developments\/","url":"https:\/\/travelcompositor.com\/technological-developments\/","name":"Product developments and technology launches | Travel Compositor - The Holistic System by TravelSoft","isPartOf":{"@id":"https:\/\/travelcompositor.com\/es\/#website"},"primaryImageOfPage":{"@id":"https:\/\/travelcompositor.com\/technological-developments\/#primaryimage"},"image":{"@id":"https:\/\/travelcompositor.com\/technological-developments\/#primaryimage"},"thumbnailUrl":"https:\/\/www.travelcompositor.com\/wp-content\/uploads\/2023\/07\/Aitrips-374x374.jpg","datePublished":"2022-06-24T17:36:43+00:00","dateModified":"2023-08-30T11:51:17+00:00","description":"Technological solutions for travel agency networks, tour operators, OTAs and DMCs. Power your business with our tools.","breadcrumb":{"@id":"https:\/\/travelcompositor.com\/technological-developments\/#breadcrumb"},"inLanguage":"es","potentialAction":[{"@type":"ReadAction","target":["https:\/\/travelcompositor.com\/technological-developments\/"]}]},{"@type":"ImageObject","inLanguage":"es","@id":"https:\/\/travelcompositor.com\/technological-developments\/#primaryimage","url":"https:\/\/www.travelcompositor.com\/wp-content\/uploads\/2023\/07\/Aitrips-374x374.jpg","contentUrl":"https:\/\/www.travelcompositor.com\/wp-content\/uploads\/2023\/07\/Aitrips-374x374.jpg"},{"@type":"BreadcrumbList","@id":"https:\/\/travelcompositor.com\/technological-developments\/#breadcrumb","itemListElement":[{"@type":"ListItem","position":1,"name":"Portada","item":"https:\/\/travelcompositor.com\/"},{"@type":"ListItem","position":2,"name":"Product developments and technology launches"}]},{"@type":"WebSite","@id":"https:\/\/travelcompositor.com\/es\/#website","url":"https:\/\/travelcompositor.com\/es\/","name":"Travel Compositor - The Holistic System by TravelSoft","description":"El \u00fanico sistema Hol\u00edstico de venta de viajes. nuestra tecnolog\u00eda ofrece todos los servicios necesarios para un viaje en una sola sesi\u00f3n y pago. Porque tenemos un modelo disponible para cada tipo de empresas de turismo, viajes y ocio. Porque ofrecemos un mundo servicios y valores a\u00f1adidos alrededor de la tecnolog\u00eda convirtiendonos en algo m\u00e1s que un proveedor, un generador de negocio y tu mejor socio para tu \u00e9xito y crecimiento.","publisher":{"@id":"https:\/\/travelcompositor.com\/es\/#organization"},"alternateName":"Travel Compositor - The Holistic System by TravelSoft","potentialAction":[{"@type":"SearchAction","target":{"@type":"EntryPoint","urlTemplate":"https:\/\/travelcompositor.com\/es\/?s={search_term_string}"},"query-input":{"@type":"PropertyValueSpecification","valueRequired":true,"valueName":"search_term_string"}}],"inLanguage":"es"},{"@type":"Organization","@id":"https:\/\/travelcompositor.com\/es\/#organization","name":"Travel Compositor - The Holistic System by TravelSoft","alternateName":"TravelC","url":"https:\/\/travelcompositor.com\/es\/","logo":{"@type":"ImageObject","inLanguage":"es","@id":"https:\/\/travelcompositor.com\/es\/#\/schema\/logo\/image\/","url":"","contentUrl":"","caption":"Travel Compositor - The Holistic System by TravelSoft"},"image":{"@id":"https:\/\/travelcompositor.com\/es\/#\/schema\/logo\/image\/"},"sameAs":["https:\/\/x.com\/TravelC_online","https:\/\/www.linkedin.com\/company\/travelcompositor\/","https:\/\/www.youtube.com\/channel\/UC7fnIOjOmM55eHolZtlIpsw"]}]}},"_links":{"self":[{"href":"https:\/\/travelcompositor.com\/es\/wp-json\/wp\/v2\/pages\/611","targetHints":{"allow":["GET"]}}],"collection":[{"href":"https:\/\/travelcompositor.com\/es\/wp-json\/wp\/v2\/pages"}],"about":[{"href":"https:\/\/travelcompositor.com\/es\/wp-json\/wp\/v2\/types\/page"}],"author":[{"embeddable":true,"href":"https:\/\/travelcompositor.com\/es\/wp-json\/wp\/v2\/users\/1"}],"replies":[{"embeddable":true,"href":"https:\/\/travelcompositor.com\/es\/wp-json\/wp\/v2\/comments?post=611"}],"version-history":[{"count":10,"href":"https:\/\/travelcompositor.com\/es\/wp-json\/wp\/v2\/pages\/611\/revisions"}],"predecessor-version":[{"id":10620,"href":"https:\/\/travelcompositor.com\/es\/wp-json\/wp\/v2\/pages\/611\/revisions\/10620"}],"wp:attachment":[{"href":"https:\/\/travelcompositor.com\/es\/wp-json\/wp\/v2\/media?parent=611"}],"curies":[{"name":"wp","href":"https:\/\/api.w.org\/{rel}","templated":true}]}}