{"id":474,"date":"2022-06-24T11:25:28","date_gmt":"2022-06-24T09:25:28","guid":{"rendered":"https:\/\/www.travelcompositor.com\/?page_id=474"},"modified":"2025-12-18T11:32:28","modified_gmt":"2025-12-18T10:32:28","slug":"blog","status":"publish","type":"page","link":"https:\/\/travelcompositor.com\/es\/travelcompositor\/blog\/","title":{"rendered":"Blog Travel Compositor"},"content":{"rendered":"<div data-elementor-type=\"wp-page\" data-elementor-id=\"474\" class=\"elementor elementor-474\" data-elementor-post-type=\"page\">\n\t\t\t\t<div class=\"elementor-element elementor-element-7b2bad7 e-flex e-con-boxed e-con e-parent\" data-id=\"7b2bad7\" data-element_type=\"container\" data-e-type=\"container\">\n\t\t\t\t\t<div class=\"e-con-inner\">\n\t\t<div class=\"elementor-element elementor-element-a4cd799 e-con-full e-flex e-con e-child\" data-id=\"a4cd799\" data-element_type=\"container\" data-e-type=\"container\">\n\t\t\t\t<div class=\"elementor-element elementor-element-d8097c0 elementor-widget elementor-widget-heading\" data-id=\"d8097c0\" data-element_type=\"widget\" data-e-type=\"widget\" data-widget_type=\"heading.default\">\n\t\t\t\t<div class=\"elementor-widget-container\">\n\t\t\t\t\t<h1 class=\"elementor-heading-title elementor-size-xxl\">Blog Travel Compositor<\/h1>\t\t\t\t<\/div>\n\t\t\t\t<\/div>\n\t\t\t\t<div class=\"elementor-element elementor-element-41f8b6d elementor-widget elementor-widget-text-editor\" data-id=\"41f8b6d\" data-element_type=\"widget\" data-e-type=\"widget\" data-widget_type=\"text-editor.default\">\n\t\t\t\t<div class=\"elementor-widget-container\">\n\t\t\t\t\t\t\t\t\t<h2>Lo \u00faltimo en innovaci\u00f3n, soluciones B2B &amp; TravelTech<\/h2>\t\t\t\t\t\t\t\t<\/div>\n\t\t\t\t<\/div>\n\t\t\t\t<div class=\"elementor-element elementor-element-f3b80d3 elementor-widget elementor-widget-text-editor\" data-id=\"f3b80d3\" data-element_type=\"widget\" data-e-type=\"widget\" data-widget_type=\"text-editor.default\">\n\t\t\t\t<div class=\"elementor-widget-container\">\n\t\t\t\t\t\t\t\t\t<p>El Blog de Travel Compositor, un espacio dedicado a las novedades de nuestra compa\u00f1\u00eda y del ecosistema TravelSoft. En \u00e9l se encontrar\u00e1s las noticias m\u00e1s relevantes sobre nuestro crecimiento y evoluci\u00f3n, as\u00ed como informaci\u00f3n actualizada sobre nuestras innovaciones, nuevos motores de reserva y lanzamientos de nuevas soluciones tecnol\u00f3gicas. Ofrecemos una visi\u00f3n sobre el futuro del TravelTech y mostramos como nuestra tecnolog\u00eda transforma la forma en la que se venden y gestionan productos tur\u00edsticos.<\/p>\t\t\t\t\t\t\t\t<\/div>\n\t\t\t\t<\/div>\n\t\t\t\t<div class=\"elementor-element elementor-element-a84855a elementor-widget elementor-widget-ori-breadcrumb\" data-id=\"a84855a\" data-element_type=\"widget\" data-e-type=\"widget\" data-widget_type=\"ori-breadcrumb.default\">\n\t\t\t\t<div class=\"elementor-widget-container\">\n\t\t\t\t\t        <div class=\"breadcrumbNftWrap\">\n                        <div class=\"orbitoBredcrumbs\"><a href=\"https:\/\/travelcompositor.com\/es\">Home<\/a><i>\/<\/i><\/div>        <\/div>\n       \t\t\t\t<\/div>\n\t\t\t\t<\/div>\n\t\t\t\t<\/div>\n\t\t\t\t\t<\/div>\n\t\t\t\t<\/div>\n\t\t<div class=\"elementor-element elementor-element-d8cbfa8 e-flex e-con-boxed e-con e-parent\" data-id=\"d8cbfa8\" data-element_type=\"container\" data-e-type=\"container\">\n\t\t\t\t\t<div class=\"e-con-inner\">\n\t\t\t\t<div class=\"elementor-element elementor-element-8d55f24 elementor-widget-divider--view-line elementor-widget elementor-widget-divider\" data-id=\"8d55f24\" data-element_type=\"widget\" data-e-type=\"widget\" data-widget_type=\"divider.default\">\n\t\t\t\t<div class=\"elementor-widget-container\">\n\t\t\t\t\t\t\t<div class=\"elementor-divider\">\n\t\t\t<span class=\"elementor-divider-separator\">\n\t\t\t\t\t\t<\/span>\n\t\t<\/div>\n\t\t\t\t\t\t<\/div>\n\t\t\t\t<\/div>\n\t\t\t\t\t<\/div>\n\t\t\t\t<\/div>\n\t\t\t\t<\/div>","protected":false},"excerpt":{"rendered":"<p>Travel Compositor Blog The latest in innovation, B2B solutions &amp; TravelTech The Travel Compositor Blog is a space dedicated to news about our company and the TravelSoft ecosystem. Here, you will find relevant news about our growth and evolution, as well as updated information about our innovations, new booking engines, and the launch of new [&hellip;]<\/p>\n","protected":false},"author":1,"featured_media":0,"parent":257,"menu_order":1,"comment_status":"closed","ping_status":"closed","template":"page-templates\/demo-blog-grid-fullwith.php","meta":{"footnotes":""},"class_list":["post-474","page","type-page","status-publish","hentry"],"yoast_head":"<!-- This site is optimized with the Yoast SEO plugin v27.3 - https:\/\/yoast.com\/product\/yoast-seo-wordpress\/ -->\n<title>Blog Travel Compositor | Travel Compositor - The Holistic System by TravelSoft<\/title>\n<meta name=\"description\" content=\"Technological solutions for travel agency networks, tour operators, OTAs and DMCs. Power your business with our tools.\" \/>\n<meta name=\"robots\" content=\"index, follow, max-snippet:-1, max-image-preview:large, max-video-preview:-1\" \/>\n<link rel=\"canonical\" href=\"https:\/\/travelcompositor.com\/es\/travelcompositor\/blog\/\" \/>\n<meta property=\"og:locale\" content=\"es_ES\" \/>\n<meta property=\"og:type\" content=\"article\" \/>\n<meta property=\"og:title\" content=\"Blog Travel Compositor | Travel Compositor - The Holistic System by TravelSoft\" \/>\n<meta property=\"og:description\" content=\"Technological solutions for travel agency networks, tour operators, OTAs and DMCs. Power your business with our tools.\" \/>\n<meta property=\"og:url\" content=\"https:\/\/travelcompositor.com\/es\/travelcompositor\/blog\/\" \/>\n<meta property=\"og:site_name\" content=\"Travel Compositor - The Holistic System by TravelSoft\" \/>\n<meta property=\"article:modified_time\" content=\"2025-12-18T10:32:28+00:00\" \/>\n<meta property=\"og:image\" content=\"https:\/\/travelcompositor.com\/wp-content\/uploads\/2023\/04\/travelcompositor-web-demo.jpg\" \/>\n\t<meta property=\"og:image:width\" content=\"1000\" \/>\n\t<meta property=\"og:image:height\" content=\"600\" \/>\n\t<meta property=\"og:image:type\" content=\"image\/jpeg\" \/>\n<meta name=\"twitter:card\" content=\"summary_large_image\" \/>\n<meta name=\"twitter:site\" content=\"@TravelC_online\" \/>\n<meta name=\"twitter:label1\" content=\"Tiempo de lectura\" \/>\n\t<meta name=\"twitter:data1\" content=\"1 minuto\" \/>\n<script type=\"application\/ld+json\" class=\"yoast-schema-graph\">{\"@context\":\"https:\\\/\\\/schema.org\",\"@graph\":[{\"@type\":\"WebPage\",\"@id\":\"https:\\\/\\\/travelcompositor.com\\\/travelcompositor\\\/blog\\\/\",\"url\":\"https:\\\/\\\/travelcompositor.com\\\/travelcompositor\\\/blog\\\/\",\"name\":\"Blog Travel Compositor | Travel Compositor - The Holistic System by TravelSoft\",\"isPartOf\":{\"@id\":\"https:\\\/\\\/travelcompositor.com\\\/es\\\/#website\"},\"datePublished\":\"2022-06-24T09:25:28+00:00\",\"dateModified\":\"2025-12-18T10:32:28+00:00\",\"description\":\"Technological solutions for travel agency networks, tour operators, OTAs and DMCs. Power your business with our tools.\",\"breadcrumb\":{\"@id\":\"https:\\\/\\\/travelcompositor.com\\\/travelcompositor\\\/blog\\\/#breadcrumb\"},\"inLanguage\":\"es\",\"potentialAction\":[{\"@type\":\"ReadAction\",\"target\":[\"https:\\\/\\\/travelcompositor.com\\\/travelcompositor\\\/blog\\\/\"]}]},{\"@type\":\"BreadcrumbList\",\"@id\":\"https:\\\/\\\/travelcompositor.com\\\/travelcompositor\\\/blog\\\/#breadcrumb\",\"itemListElement\":[{\"@type\":\"ListItem\",\"position\":1,\"name\":\"Portada\",\"item\":\"https:\\\/\\\/travelcompositor.com\\\/\"},{\"@type\":\"ListItem\",\"position\":2,\"name\":\"Travel Compositor\",\"item\":\"https:\\\/\\\/travelcompositor.com\\\/travelcompositor\\\/\"},{\"@type\":\"ListItem\",\"position\":3,\"name\":\"Blog Travel Compositor\"}]},{\"@type\":\"WebSite\",\"@id\":\"https:\\\/\\\/travelcompositor.com\\\/es\\\/#website\",\"url\":\"https:\\\/\\\/travelcompositor.com\\\/es\\\/\",\"name\":\"Travel Compositor - The Holistic System by TravelSoft\",\"description\":\"El \u00fanico sistema Hol\u00edstico de venta de viajes. nuestra tecnolog\u00eda ofrece todos los servicios necesarios para un viaje en una sola sesi\u00f3n y pago. Porque tenemos un modelo disponible para cada tipo de empresas de turismo, viajes y ocio. Porque ofrecemos un mundo servicios y valores a\u00f1adidos alrededor de la tecnolog\u00eda convirtiendonos en algo m\u00e1s que un proveedor, un generador de negocio y tu mejor socio para tu \u00e9xito y crecimiento.\",\"publisher\":{\"@id\":\"https:\\\/\\\/travelcompositor.com\\\/es\\\/#organization\"},\"alternateName\":\"Travel Compositor - The Holistic System by TravelSoft\",\"potentialAction\":[{\"@type\":\"SearchAction\",\"target\":{\"@type\":\"EntryPoint\",\"urlTemplate\":\"https:\\\/\\\/travelcompositor.com\\\/es\\\/?s={search_term_string}\"},\"query-input\":{\"@type\":\"PropertyValueSpecification\",\"valueRequired\":true,\"valueName\":\"search_term_string\"}}],\"inLanguage\":\"es\"},{\"@type\":\"Organization\",\"@id\":\"https:\\\/\\\/travelcompositor.com\\\/es\\\/#organization\",\"name\":\"Travel Compositor - The Holistic System by TravelSoft\",\"alternateName\":\"TravelC\",\"url\":\"https:\\\/\\\/travelcompositor.com\\\/es\\\/\",\"logo\":{\"@type\":\"ImageObject\",\"inLanguage\":\"es\",\"@id\":\"https:\\\/\\\/travelcompositor.com\\\/es\\\/#\\\/schema\\\/logo\\\/image\\\/\",\"url\":\"\",\"contentUrl\":\"\",\"caption\":\"Travel Compositor - The Holistic System by TravelSoft\"},\"image\":{\"@id\":\"https:\\\/\\\/travelcompositor.com\\\/es\\\/#\\\/schema\\\/logo\\\/image\\\/\"},\"sameAs\":[\"https:\\\/\\\/x.com\\\/TravelC_online\",\"https:\\\/\\\/www.linkedin.com\\\/company\\\/travelcompositor\\\/\",\"https:\\\/\\\/www.youtube.com\\\/channel\\\/UC7fnIOjOmM55eHolZtlIpsw\"]}]}<\/script>\n<!-- \/ Yoast SEO plugin. -->","yoast_head_json":{"title":"Blog Travel Compositor | Travel Compositor - The Holistic System by TravelSoft","description":"Technological solutions for travel agency networks, tour operators, OTAs and DMCs. Power your business with our tools.","robots":{"index":"index","follow":"follow","max-snippet":"max-snippet:-1","max-image-preview":"max-image-preview:large","max-video-preview":"max-video-preview:-1"},"canonical":"https:\/\/travelcompositor.com\/es\/travelcompositor\/blog\/","og_locale":"es_ES","og_type":"article","og_title":"Blog Travel Compositor | Travel Compositor - The Holistic System by TravelSoft","og_description":"Technological solutions for travel agency networks, tour operators, OTAs and DMCs. Power your business with our tools.","og_url":"https:\/\/travelcompositor.com\/es\/travelcompositor\/blog\/","og_site_name":"Travel Compositor - The Holistic System by TravelSoft","article_modified_time":"2025-12-18T10:32:28+00:00","og_image":[{"width":1000,"height":600,"url":"https:\/\/travelcompositor.com\/wp-content\/uploads\/2023\/04\/travelcompositor-web-demo.jpg","type":"image\/jpeg"}],"twitter_card":"summary_large_image","twitter_site":"@TravelC_online","twitter_misc":{"Tiempo de lectura":"1 minuto"},"schema":{"@context":"https:\/\/schema.org","@graph":[{"@type":"WebPage","@id":"https:\/\/travelcompositor.com\/travelcompositor\/blog\/","url":"https:\/\/travelcompositor.com\/travelcompositor\/blog\/","name":"Blog Travel Compositor | Travel Compositor - The Holistic System by TravelSoft","isPartOf":{"@id":"https:\/\/travelcompositor.com\/es\/#website"},"datePublished":"2022-06-24T09:25:28+00:00","dateModified":"2025-12-18T10:32:28+00:00","description":"Technological solutions for travel agency networks, tour operators, OTAs and DMCs. Power your business with our tools.","breadcrumb":{"@id":"https:\/\/travelcompositor.com\/travelcompositor\/blog\/#breadcrumb"},"inLanguage":"es","potentialAction":[{"@type":"ReadAction","target":["https:\/\/travelcompositor.com\/travelcompositor\/blog\/"]}]},{"@type":"BreadcrumbList","@id":"https:\/\/travelcompositor.com\/travelcompositor\/blog\/#breadcrumb","itemListElement":[{"@type":"ListItem","position":1,"name":"Portada","item":"https:\/\/travelcompositor.com\/"},{"@type":"ListItem","position":2,"name":"Travel Compositor","item":"https:\/\/travelcompositor.com\/travelcompositor\/"},{"@type":"ListItem","position":3,"name":"Blog Travel Compositor"}]},{"@type":"WebSite","@id":"https:\/\/travelcompositor.com\/es\/#website","url":"https:\/\/travelcompositor.com\/es\/","name":"Travel Compositor - The Holistic System by TravelSoft","description":"El \u00fanico sistema Hol\u00edstico de venta de viajes. nuestra tecnolog\u00eda ofrece todos los servicios necesarios para un viaje en una sola sesi\u00f3n y pago. Porque tenemos un modelo disponible para cada tipo de empresas de turismo, viajes y ocio. Porque ofrecemos un mundo servicios y valores a\u00f1adidos alrededor de la tecnolog\u00eda convirtiendonos en algo m\u00e1s que un proveedor, un generador de negocio y tu mejor socio para tu \u00e9xito y crecimiento.","publisher":{"@id":"https:\/\/travelcompositor.com\/es\/#organization"},"alternateName":"Travel Compositor - The Holistic System by TravelSoft","potentialAction":[{"@type":"SearchAction","target":{"@type":"EntryPoint","urlTemplate":"https:\/\/travelcompositor.com\/es\/?s={search_term_string}"},"query-input":{"@type":"PropertyValueSpecification","valueRequired":true,"valueName":"search_term_string"}}],"inLanguage":"es"},{"@type":"Organization","@id":"https:\/\/travelcompositor.com\/es\/#organization","name":"Travel Compositor - The Holistic System by TravelSoft","alternateName":"TravelC","url":"https:\/\/travelcompositor.com\/es\/","logo":{"@type":"ImageObject","inLanguage":"es","@id":"https:\/\/travelcompositor.com\/es\/#\/schema\/logo\/image\/","url":"","contentUrl":"","caption":"Travel Compositor - The Holistic System by TravelSoft"},"image":{"@id":"https:\/\/travelcompositor.com\/es\/#\/schema\/logo\/image\/"},"sameAs":["https:\/\/x.com\/TravelC_online","https:\/\/www.linkedin.com\/company\/travelcompositor\/","https:\/\/www.youtube.com\/channel\/UC7fnIOjOmM55eHolZtlIpsw"]}]}},"_links":{"self":[{"href":"https:\/\/travelcompositor.com\/es\/wp-json\/wp\/v2\/pages\/474","targetHints":{"allow":["GET"]}}],"collection":[{"href":"https:\/\/travelcompositor.com\/es\/wp-json\/wp\/v2\/pages"}],"about":[{"href":"https:\/\/travelcompositor.com\/es\/wp-json\/wp\/v2\/types\/page"}],"author":[{"embeddable":true,"href":"https:\/\/travelcompositor.com\/es\/wp-json\/wp\/v2\/users\/1"}],"replies":[{"embeddable":true,"href":"https:\/\/travelcompositor.com\/es\/wp-json\/wp\/v2\/comments?post=474"}],"version-history":[{"count":20,"href":"https:\/\/travelcompositor.com\/es\/wp-json\/wp\/v2\/pages\/474\/revisions"}],"predecessor-version":[{"id":16311,"href":"https:\/\/travelcompositor.com\/es\/wp-json\/wp\/v2\/pages\/474\/revisions\/16311"}],"up":[{"embeddable":true,"href":"https:\/\/travelcompositor.com\/es\/wp-json\/wp\/v2\/pages\/257"}],"wp:attachment":[{"href":"https:\/\/travelcompositor.com\/es\/wp-json\/wp\/v2\/media?parent=474"}],"curies":[{"name":"wp","href":"https:\/\/api.w.org\/{rel}","templated":true}]}}