{"id":3,"date":"2022-06-21T17:42:59","date_gmt":"2022-06-21T15:42:59","guid":{"rendered":"https:\/\/www.travelcompositor.com\/?page_id=3"},"modified":"2024-06-12T10:40:46","modified_gmt":"2024-06-12T08:40:46","slug":"privacy-policy","status":"publish","type":"page","link":"https:\/\/travelcompositor.com\/es\/privacy-policy\/","title":{"rendered":"Pol\u00edtica de privacidad Travel Compositor"},"content":{"rendered":"<p>\u00daltima actualizaci\u00f3n: 26\/06\/2023<\/p>\n\n\n\n<h2 class=\"wp-block-heading has-medium-font-size\">INFORMACI\u00d3N SOBRE LOS DATOS PERSONALES<\/h2>\n\n\n\n<p>De acuerdo con la normativa vigente sobre protecci\u00f3n de datos conformada por el Reglamento (UE) 2016\/679 General de Protecci\u00f3n de Datos (RGPD) y la Ley Org\u00e1nica 3\/2018, de 5 de diciembre, de Protecci\u00f3n de Datos Personales y garant\u00eda de los derechos digitales (LOPDGDD), les informamos de algunas cuestiones sobre el tratamiento de su informaci\u00f3n personal por parte de Travel Compositor.<\/p>\n\n\n\n<h2 class=\"wp-block-heading has-medium-font-size\">\u00bfQUI\u00c9N ES EL RESPONSABLE DEL TRATAMIENTO DE SUS DATOS?<\/h2>\n\n\n\n<p><strong>Corporate name:\u00a0<\/strong>Travel Compositor S.L.U.<\/p>\n\n\n\n<p><strong>NIF:<\/strong>\u00a0B57876484<\/p>\n\n\n\n<p><strong>Address:\u00a0<\/strong>Calle de Cal\u00e7at 6, 3\u00aa Planta, Pol\u00edgono Son Valent\u00ed, Palma de Mallorca,\u00a0Illes Balears (Espa\u00f1a)<\/p>\n\n\n\n<p class=\"translation-block\"><strong>Contacto:\u00a0<\/strong><a href=\"mailto:info@travelcompositor.com\" target=\"_self\">info@travelcompositor.com<\/a><\/p>\n\n\n\n<h2 class=\"wp-block-heading has-medium-font-size\">\u00bfCU\u00c1L ES LA FINALIDAD DE LA RECOGIDA Y TRATAMIENTO DE SUS DATOS?<\/h2>\n\n\n\n<p>Recogemos sus datos para poder gestionar la comercializaci\u00f3n de nuestros servicios bajo su petici\u00f3n al ponerse en contacto con nosotros.<\/p>\n\n\n\n<h2 class=\"wp-block-heading has-medium-font-size\">\u00bfCU\u00c1NTO TIEMPO CONSERVAREMOS SUS DATOS?<\/h2>\n\n\n\n<p>Como regla general, sus datos ser\u00e1n conservados hasta conseguir el fin para el que fueron recogidos. En todo caso ser\u00e1n conservados durante un per\u00edodo de cinco a\u00f1os, pasado el cual los destruiremos.<\/p>\n\n\n\n<h2 class=\"wp-block-heading has-medium-font-size\">\u00bfSE REALIZAN DECISIONES AUTOMATIZADAS SOBRE SUS DATOS?<\/h2>\n\n\n\n<p>No est\u00e1 prevista la realizaci\u00f3n de decisiones automatizadas sobre sus datos personales.<\/p>\n\n\n\n<h2 class=\"wp-block-heading has-medium-font-size\">\u00bfCU\u00c1L ES LA LEGITIMACI\u00d3N PARA EL TRATAMIENTO DE SUS DATOS?<\/h2>\n\n\n\n<p><strong>El consentimiento<\/strong>\u00a0ser\u00e1 la base de legitimaci\u00f3n<\/p>\n\n\n\n<p>Asimismo, el tratamiento de sus datos estar\u00e1 basada en la ejecuci\u00f3n de medidas precontractuales adoptadas a su solicitud y cuyo tratamiento es imprescindible para la ejecuci\u00f3n de sus solicitudes.<\/p>\n\n\n\n<h2 class=\"wp-block-heading has-medium-font-size\">\u00bfA QUI\u00c9N COMUNICAMOS SUS DATOS?<\/h2>\n\n\n\n<p>No comunicaremos sus datos en ninguna circunstancia. En cualquier caso, si prevemos hacerlo le solicitaremos su permiso previamente, por lo que tampoco se esperan transferencias internacionales.<\/p>\n\n\n\n<h2 class=\"wp-block-heading has-medium-font-size\">\u00bfCU\u00c1LES SON SUS DERECHOS AL FACILITARNOS SUS DATOS?<\/h2>\n\n\n\n<p>Usted debe saber que, por el hecho de tratar sus datos personales, dispone de unos derechos que detallamos a continuaci\u00f3n:<\/p>\n\n\n\n<ul class=\"wp-block-list\">\n<li>Derecho de acceso: Podr\u00e1 solicitar acceso a todos sus datos personales que tratamos.<\/li>\n\n\n\n<li>Derecho de rectificaci\u00f3n: Tendr\u00e1 derecho a rectificar sus datos, bien porque son inexactos o porque han cambiado.<\/li>\n\n\n\n<li>Derecho de supresi\u00f3n: Igualmente podr\u00e1 solicitar el borrado de sus datos siempre y cuando no concurran alguna de las causas del art. 17.3 RGPD.<\/li>\n\n\n\n<li>Derecho de oposici\u00f3n: Tendr\u00e1 derecho a solicitar que no se traten sus datos personales para determinados fines.<\/li>\n\n\n\n<li><strong>Derecho a la limitaci\u00f3n del tratamiento:\u00a0<\/strong>Tambi\u00e9n podr\u00e1 solicitar la limitaci\u00f3n del tratamiento de sus datos en los siguientes casos:\n\nDurante el estudio de impugnaci\u00f3n por la inexactitud de sus datos.\n\nSi el tratamiento es il\u00edcito, usted se oponga a la supresi\u00f3n de los datos.\n\nCuando no necesitemos tratar sus datos, pero usted los necesite para el ejercicio o defensa ante posibles reclamaciones.\n\nSi usted se ha opuesto al tratamiento de los datos alegando inter\u00e9s p\u00fablico o leg\u00edtimo, mientras estamos analizando si nuestros motivos para el tratamiento prevalecen sobre sus intereses.<\/li>\n\n\n\n<li><strong>Derecho a la portabilidad:<\/strong>\u00a0Tendr\u00e1 derecho a que le entreguemos sus datos personales en formato electr\u00f3nico, de forma que sea manejable por usted.<\/li>\n\n\n\n<li><strong>Derecho a no ser objeto de decisiones individuales automatizadas:\u00a0<\/strong>Por \u00faltimo, tendr\u00e1 derecho a que usted no sea objeto de una decisi\u00f3n basada en el tratamiento automatizado de sus datos personales y pueda producir efectos jur\u00eddicos sobre usted.<\/li>\n<\/ul>\n\n\n\n<p>Cuando la base de legitimaci\u00f3n para el tratamiento de los datos se base en su consentimiento, usted tiene derecho a retirar dicho consentimiento en cualquier momento.<\/p>\n\n\n\n<p>Para poder ejercer estos derechos, puede remitirnos su solicitud a la direcci\u00f3n postal o electr\u00f3nica que encontrar\u00e1 al inicio de la presente Pol\u00edtica de Privacidad con el derecho que ejerce y aportando una copia de su documento identificativo (DNI\/NIE) o su Pasaporte<\/p>\n\n\n\n<p>Adem\u00e1s, le recordamos que tambi\u00e9n tiene la posibilidad de presentar una reclamaci\u00f3n ante la Autoridad de Control. Si desea m\u00e1s informaci\u00f3n puede consultar la web de la Agencia Espa\u00f1ola de Protecci\u00f3n de Datos,<a href=\"https:\/\/www.aepd.es\/\">, www.aepd.es.<\/a><\/p>\n\n\n\n<h2 class=\"wp-block-heading has-medium-font-size\">\u00bfEST\u00c1N SEGUROS SUS DATOS?<\/h2>\n\n\n\n<p>En Travel Compositor recogemos, tratamos y almacenamos sus datos aplicando pol\u00edticas y normas de seguridad de la informaci\u00f3n. Estas medidas de seguridad aplican tanto a la informaci\u00f3n en formato electr\u00f3nico como en papel, y garantizan la confidencialidad, integridad y disponibilidad de sus datos. En caso de que exista un evento o incidente que comprometa sus datos, se lo comunicaremos con la mayor brevedad posible.<\/p>\n\n\n\n<h2 class=\"wp-block-heading has-medium-font-size\">OTRAS CUESTIONES<\/h2>\n\n\n\n<p>Travel Compositor en alg\u00fan caso condiciona la utilizaci\u00f3n del Servicio a la previa cumplimentaci\u00f3n del correspondiente registro de Usuario, debiendo indicar como m\u00ednimo la informaci\u00f3n marcada con un punto amarillo sobre determinados datos personales.<\/p>\n\n\n\n<p>Le recordamos que para llevar a cabo una correcta prestaci\u00f3n del servicio deber\u00e1 proporcionarnos los datos exactos y veraces, reserv\u00e1ndose el derecho de exclusi\u00f3n de los servicios a los interesados que hayan aportado una informaci\u00f3n falsa y sin perjuicio de las acciones legales que el Responsable puede iniciar.<\/p>\n\n\n\n<p>Cuando usted haga una reserva para otra persona a trav\u00e9s de Travel Compositor, solicitaremos informaci\u00f3n personal y preferencias de viaje de esa persona. Deber\u00e1 obtener el consentimiento de estas otras personas antes de facilitarnos su informaci\u00f3n personal y sus preferencias de viaje.<\/p>\n\n\n\n<h2 class=\"wp-block-heading has-medium-font-size\">CAMBIOS EN LA POL\u00cdTICA DE PRIVACIDAD<\/h2>\n\n\n\n<p>Le recordamos que nuestra Pol\u00edtica de Privacidad puede ser actualizada en un futuro.<\/p>\n\n\n\n<p>Le informaremos sobre cambios sustanciales en esta Pol\u00edtica de Privacidad envi\u00e1ndole un aviso a la direcci\u00f3n de correo electr\u00f3nico que nos facilit\u00f3 y colocando un aviso en un lugar prominente de nuestro sitio web.<\/p>","protected":false},"excerpt":{"rendered":"<p>Last update: 26\/06\/2023 PERSONA DATA INFORMATION In accordance with current regulations on data protection conformed by Regulation (EU) 2016\/679 General Data Protection (GDPR) and Organic Law 3\/2018, of December 5, on Personal Data Protection and guarantee of digital rights (LOPDGDD), we inform you of some questions about the treatment of your personal information by Travel [&hellip;]<\/p>\n","protected":false},"author":1,"featured_media":0,"parent":0,"menu_order":0,"comment_status":"closed","ping_status":"closed","template":"","meta":{"footnotes":""},"class_list":["post-3","page","type-page","status-publish","hentry"],"yoast_head":"<!-- This site is optimized with the Yoast SEO plugin v27.5 - https:\/\/yoast.com\/product\/yoast-seo-wordpress\/ -->\n<title>Travel Compositor\u2019s privacy policy | Travel Compositor - The Holistic System by TravelSoft<\/title>\n<meta name=\"description\" content=\"Technological solutions for travel agency networks, tour operators, OTAs and DMCs. Power your business with our tools.\" \/>\n<meta name=\"robots\" content=\"index, follow, max-snippet:-1, max-image-preview:large, max-video-preview:-1\" \/>\n<link rel=\"canonical\" href=\"https:\/\/travelcompositor.com\/es\/privacy-policy\/\" \/>\n<meta property=\"og:locale\" content=\"es_ES\" \/>\n<meta property=\"og:type\" content=\"article\" \/>\n<meta property=\"og:title\" content=\"Travel Compositor\u2019s privacy policy | Travel Compositor - The Holistic System by TravelSoft\" \/>\n<meta property=\"og:description\" content=\"Technological solutions for travel agency networks, tour operators, OTAs and DMCs. Power your business with our tools.\" \/>\n<meta property=\"og:url\" content=\"https:\/\/travelcompositor.com\/es\/privacy-policy\/\" \/>\n<meta property=\"og:site_name\" content=\"Travel Compositor - The Holistic System by TravelSoft\" \/>\n<meta property=\"article:modified_time\" content=\"2024-06-12T08:40:46+00:00\" \/>\n<meta property=\"og:image\" content=\"https:\/\/travelcompositor.com\/wp-content\/uploads\/2023\/04\/travelcompositor-web-demo.jpg\" \/>\n\t<meta property=\"og:image:width\" content=\"1000\" \/>\n\t<meta property=\"og:image:height\" content=\"600\" \/>\n\t<meta property=\"og:image:type\" content=\"image\/jpeg\" \/>\n<meta name=\"twitter:card\" content=\"summary_large_image\" \/>\n<meta name=\"twitter:site\" content=\"@TravelC_online\" \/>\n<meta name=\"twitter:label1\" content=\"Tiempo de lectura\" \/>\n\t<meta name=\"twitter:data1\" content=\"5 minutos\" \/>\n<script type=\"application\/ld+json\" class=\"yoast-schema-graph\">{\"@context\":\"https:\\\/\\\/schema.org\",\"@graph\":[{\"@type\":\"WebPage\",\"@id\":\"https:\\\/\\\/travelcompositor.com\\\/en\\\/privacy-policy\\\/\",\"url\":\"https:\\\/\\\/travelcompositor.com\\\/en\\\/privacy-policy\\\/\",\"name\":\"Travel Compositor\u2019s privacy policy | Travel Compositor - The Holistic System by TravelSoft\",\"isPartOf\":{\"@id\":\"https:\\\/\\\/travelcompositor.com\\\/es\\\/#website\"},\"datePublished\":\"2022-06-21T15:42:59+00:00\",\"dateModified\":\"2024-06-12T08:40:46+00:00\",\"description\":\"Technological solutions for travel agency networks, tour operators, OTAs and DMCs. Power your business with our tools.\",\"breadcrumb\":{\"@id\":\"https:\\\/\\\/travelcompositor.com\\\/en\\\/privacy-policy\\\/#breadcrumb\"},\"inLanguage\":\"es\",\"potentialAction\":[{\"@type\":\"ReadAction\",\"target\":[\"https:\\\/\\\/travelcompositor.com\\\/en\\\/privacy-policy\\\/\"]}]},{\"@type\":\"BreadcrumbList\",\"@id\":\"https:\\\/\\\/travelcompositor.com\\\/en\\\/privacy-policy\\\/#breadcrumb\",\"itemListElement\":[{\"@type\":\"ListItem\",\"position\":1,\"name\":\"Portada\",\"item\":\"https:\\\/\\\/travelcompositor.com\\\/\"},{\"@type\":\"ListItem\",\"position\":2,\"name\":\"Travel Compositor\u2019s privacy policy\"}]},{\"@type\":\"WebSite\",\"@id\":\"https:\\\/\\\/travelcompositor.com\\\/es\\\/#website\",\"url\":\"https:\\\/\\\/travelcompositor.com\\\/es\\\/\",\"name\":\"Travel Compositor - The Holistic System by TravelSoft\",\"description\":\"El \u00fanico sistema Hol\u00edstico de venta de viajes. nuestra tecnolog\u00eda ofrece todos los servicios necesarios para un viaje en una sola sesi\u00f3n y pago. Porque tenemos un modelo disponible para cada tipo de empresas de turismo, viajes y ocio. Porque ofrecemos un mundo servicios y valores a\u00f1adidos alrededor de la tecnolog\u00eda convirtiendonos en algo m\u00e1s que un proveedor, un generador de negocio y tu mejor socio para tu \u00e9xito y crecimiento.\",\"publisher\":{\"@id\":\"https:\\\/\\\/travelcompositor.com\\\/es\\\/#organization\"},\"alternateName\":\"Travel Compositor - The Holistic System by TravelSoft\",\"potentialAction\":[{\"@type\":\"SearchAction\",\"target\":{\"@type\":\"EntryPoint\",\"urlTemplate\":\"https:\\\/\\\/travelcompositor.com\\\/es\\\/?s={search_term_string}\"},\"query-input\":{\"@type\":\"PropertyValueSpecification\",\"valueRequired\":true,\"valueName\":\"search_term_string\"}}],\"inLanguage\":\"es\"},{\"@type\":\"Organization\",\"@id\":\"https:\\\/\\\/travelcompositor.com\\\/es\\\/#organization\",\"name\":\"Travel Compositor - The Holistic System by TravelSoft\",\"alternateName\":\"TravelC\",\"url\":\"https:\\\/\\\/travelcompositor.com\\\/es\\\/\",\"logo\":{\"@type\":\"ImageObject\",\"inLanguage\":\"es\",\"@id\":\"https:\\\/\\\/travelcompositor.com\\\/es\\\/#\\\/schema\\\/logo\\\/image\\\/\",\"url\":\"\",\"contentUrl\":\"\",\"caption\":\"Travel Compositor - The Holistic System by TravelSoft\"},\"image\":{\"@id\":\"https:\\\/\\\/travelcompositor.com\\\/es\\\/#\\\/schema\\\/logo\\\/image\\\/\"},\"sameAs\":[\"https:\\\/\\\/x.com\\\/TravelC_online\",\"https:\\\/\\\/www.linkedin.com\\\/company\\\/travelcompositor\\\/\",\"https:\\\/\\\/www.youtube.com\\\/channel\\\/UC7fnIOjOmM55eHolZtlIpsw\"]}]}<\/script>\n<!-- \/ Yoast SEO plugin. -->","yoast_head_json":{"title":"Travel Compositor\u2019s privacy policy | Travel Compositor - The Holistic System by TravelSoft","description":"Technological solutions for travel agency networks, tour operators, OTAs and DMCs. Power your business with our tools.","robots":{"index":"index","follow":"follow","max-snippet":"max-snippet:-1","max-image-preview":"max-image-preview:large","max-video-preview":"max-video-preview:-1"},"canonical":"https:\/\/travelcompositor.com\/es\/privacy-policy\/","og_locale":"es_ES","og_type":"article","og_title":"Travel Compositor\u2019s privacy policy | Travel Compositor - The Holistic System by TravelSoft","og_description":"Technological solutions for travel agency networks, tour operators, OTAs and DMCs. Power your business with our tools.","og_url":"https:\/\/travelcompositor.com\/es\/privacy-policy\/","og_site_name":"Travel Compositor - The Holistic System by TravelSoft","article_modified_time":"2024-06-12T08:40:46+00:00","og_image":[{"width":1000,"height":600,"url":"https:\/\/travelcompositor.com\/wp-content\/uploads\/2023\/04\/travelcompositor-web-demo.jpg","type":"image\/jpeg"}],"twitter_card":"summary_large_image","twitter_site":"@TravelC_online","twitter_misc":{"Tiempo de lectura":"5 minutos"},"schema":{"@context":"https:\/\/schema.org","@graph":[{"@type":"WebPage","@id":"https:\/\/travelcompositor.com\/en\/privacy-policy\/","url":"https:\/\/travelcompositor.com\/en\/privacy-policy\/","name":"Travel Compositor\u2019s privacy policy | Travel Compositor - The Holistic System by TravelSoft","isPartOf":{"@id":"https:\/\/travelcompositor.com\/es\/#website"},"datePublished":"2022-06-21T15:42:59+00:00","dateModified":"2024-06-12T08:40:46+00:00","description":"Technological solutions for travel agency networks, tour operators, OTAs and DMCs. Power your business with our tools.","breadcrumb":{"@id":"https:\/\/travelcompositor.com\/en\/privacy-policy\/#breadcrumb"},"inLanguage":"es","potentialAction":[{"@type":"ReadAction","target":["https:\/\/travelcompositor.com\/en\/privacy-policy\/"]}]},{"@type":"BreadcrumbList","@id":"https:\/\/travelcompositor.com\/en\/privacy-policy\/#breadcrumb","itemListElement":[{"@type":"ListItem","position":1,"name":"Portada","item":"https:\/\/travelcompositor.com\/"},{"@type":"ListItem","position":2,"name":"Travel Compositor\u2019s privacy policy"}]},{"@type":"WebSite","@id":"https:\/\/travelcompositor.com\/es\/#website","url":"https:\/\/travelcompositor.com\/es\/","name":"Travel Compositor - The Holistic System by TravelSoft","description":"El \u00fanico sistema Hol\u00edstico de venta de viajes. nuestra tecnolog\u00eda ofrece todos los servicios necesarios para un viaje en una sola sesi\u00f3n y pago. Porque tenemos un modelo disponible para cada tipo de empresas de turismo, viajes y ocio. Porque ofrecemos un mundo servicios y valores a\u00f1adidos alrededor de la tecnolog\u00eda convirtiendonos en algo m\u00e1s que un proveedor, un generador de negocio y tu mejor socio para tu \u00e9xito y crecimiento.","publisher":{"@id":"https:\/\/travelcompositor.com\/es\/#organization"},"alternateName":"Travel Compositor - The Holistic System by TravelSoft","potentialAction":[{"@type":"SearchAction","target":{"@type":"EntryPoint","urlTemplate":"https:\/\/travelcompositor.com\/es\/?s={search_term_string}"},"query-input":{"@type":"PropertyValueSpecification","valueRequired":true,"valueName":"search_term_string"}}],"inLanguage":"es"},{"@type":"Organization","@id":"https:\/\/travelcompositor.com\/es\/#organization","name":"Travel Compositor - The Holistic System by TravelSoft","alternateName":"TravelC","url":"https:\/\/travelcompositor.com\/es\/","logo":{"@type":"ImageObject","inLanguage":"es","@id":"https:\/\/travelcompositor.com\/es\/#\/schema\/logo\/image\/","url":"","contentUrl":"","caption":"Travel Compositor - The Holistic System by TravelSoft"},"image":{"@id":"https:\/\/travelcompositor.com\/es\/#\/schema\/logo\/image\/"},"sameAs":["https:\/\/x.com\/TravelC_online","https:\/\/www.linkedin.com\/company\/travelcompositor\/","https:\/\/www.youtube.com\/channel\/UC7fnIOjOmM55eHolZtlIpsw"]}]}},"_links":{"self":[{"href":"https:\/\/travelcompositor.com\/es\/wp-json\/wp\/v2\/pages\/3","targetHints":{"allow":["GET"]}}],"collection":[{"href":"https:\/\/travelcompositor.com\/es\/wp-json\/wp\/v2\/pages"}],"about":[{"href":"https:\/\/travelcompositor.com\/es\/wp-json\/wp\/v2\/types\/page"}],"author":[{"embeddable":true,"href":"https:\/\/travelcompositor.com\/es\/wp-json\/wp\/v2\/users\/1"}],"replies":[{"embeddable":true,"href":"https:\/\/travelcompositor.com\/es\/wp-json\/wp\/v2\/comments?post=3"}],"version-history":[{"count":5,"href":"https:\/\/travelcompositor.com\/es\/wp-json\/wp\/v2\/pages\/3\/revisions"}],"predecessor-version":[{"id":13113,"href":"https:\/\/travelcompositor.com\/es\/wp-json\/wp\/v2\/pages\/3\/revisions\/13113"}],"wp:attachment":[{"href":"https:\/\/travelcompositor.com\/es\/wp-json\/wp\/v2\/media?parent=3"}],"curies":[{"name":"wp","href":"https:\/\/api.w.org\/{rel}","templated":true}]}}