{"id":1484,"date":"2023-05-04T14:09:00","date_gmt":"2023-05-04T12:09:00","guid":{"rendered":"https:\/\/www.travelcompositor.com\/?page_id=1484"},"modified":"2025-11-14T13:14:42","modified_gmt":"2025-11-14T12:14:42","slug":"cookies-policy","status":"publish","type":"page","link":"https:\/\/travelcompositor.com\/es\/cookies-policy\/","title":{"rendered":"Pol\u00edtica de cookies"},"content":{"rendered":"<div data-elementor-type=\"wp-page\" data-elementor-id=\"1484\" class=\"elementor elementor-1484\" data-elementor-post-type=\"page\">\n\t\t\t\t<div class=\"elementor-element elementor-element-d9bb2d4 e-flex e-con-boxed e-con e-parent\" data-id=\"d9bb2d4\" data-element_type=\"container\" data-e-type=\"container\">\n\t\t\t\t\t<div class=\"e-con-inner\">\n\t\t\t\t<div class=\"elementor-element elementor-element-dc48bfa elementor-widget elementor-widget-spacer\" data-id=\"dc48bfa\" data-element_type=\"widget\" data-e-type=\"widget\" data-widget_type=\"spacer.default\">\n\t\t\t\t<div class=\"elementor-widget-container\">\n\t\t\t\t\t\t\t<div class=\"elementor-spacer\">\n\t\t\t<div class=\"elementor-spacer-inner\"><\/div>\n\t\t<\/div>\n\t\t\t\t\t\t<\/div>\n\t\t\t\t<\/div>\n\t\t\t\t\t<\/div>\n\t\t\t\t<\/div>\n\t\t<div class=\"elementor-element elementor-element-7b29dc1b e-flex e-con-boxed e-con e-parent\" data-id=\"7b29dc1b\" data-element_type=\"container\" data-e-type=\"container\">\n\t\t\t\t\t<div class=\"e-con-inner\">\n\t\t\t\t<div class=\"elementor-element elementor-element-344df3eb elementor-widget elementor-widget-text-editor\" data-id=\"344df3eb\" data-element_type=\"widget\" data-e-type=\"widget\" data-widget_type=\"text-editor.default\">\n\t\t\t\t<div class=\"elementor-widget-container\">\n\t\t\t\t\t\t\t\t\t\n<h2 class=\"has-medium-font-size\"><strong>\u00bfQUI\u00c9N ES EL EDITOR DE LA WEB?<\/strong><\/h2>\n\n<p>Travel Compositor S.L.U. Calle de Cal\u00e7at 6, 3\u00aa Planta, Pol\u00edgono Son Valent\u00ed, Palma de Mallorca, (Illes Balears) B57876484<\/p>\n<p>\u00a0<\/p>\n\n<h2 class=\"has-medium-font-size\"><strong>\u00bfQUE\u0301 SON LAS COOKIES?<\/strong><\/h2>\n\n<p>Este sitio web utiliza cookies y\/o tecnolog\u00edas similares que almacenan y recuperan informaci\u00f3n cuando navegas. En general, estas tecnolog\u00edas pueden servir para finalidades muy diversas, como, por ejemplo, reconocerle como usuario, obtener informaci\u00f3n sobre sus h\u00e1bitos de navegaci\u00f3n, o personalizar la forma en que se muestra el contenido. Los usos concretos que hacemos de estas tecnolog\u00edas se describen a continuaci\u00f3n.<\/p>\n<p>\u00a0<\/p>\n\n<h2 class=\"has-medium-font-size\"><strong>\u00bfQUE\u0301 TIPOS DE COOKIES SE UTILIZAN EN ESTA P\u00c1GINA WEB?<\/strong><\/h2>\n\n<p>Nuestra web utiliza cookies propias, as\u00ed como de Google (m\u00e1s informaci\u00f3n en https:\/\/policies.google.com\/privacy?hl=es) y Facebook (m\u00e1s informaci\u00f3n en https:\/\/www.facebook.com\/about\/privacy\/) con las siguientes finalidades:<\/p>\n\n<ul class=\"wp-block-list\">\n<li>Required: required cookies are essential to browse correctly in our website, therefore they do not require the consent of the user. For example, some cookies temporarily save the user preferences while browsing the website, or allow safe access in areas where it\u2019s required.<\/li>\n\n<li>Analysis: they allow to quantify the number of users and carry out statistical measurements and analysis about the use made by users of the website. To do this, user\u2019s browsing on our website is analyzed in order to improve Google\u2019s services. Cookie\u2019s purposes are detailed below.<\/li>\n<\/ul>\n\n<ul class=\"wp-block-list\">\n<li>Rendimiento: este tipo de cookies permiten medir, en la mayor\u00eda de caso de forma an\u00f3nima, el n\u00famero de visitas a la web, la velocidad de respuesta o la capacidad de procesar las peticiones sobre la p\u00e1gina. El objetivo es poder mejorar el rendimiento general y la experiencia de usuario.<\/li>\n\n<li>Technical: are those that, among other things, the editor uses to allow the management and operation of the website and enable it\u2019s functionalities and services, e.g. controling traffic and data communication, session identification, etc.<\/li>\n<\/ul>\n\n<ul class=\"wp-block-list\">\n<li>Publicitarias: permiten analizar sus h\u00e1bitos de navegaci\u00f3n en Internet para que poder mostrarle publicidad relacionada con su perfil de navegaci\u00f3n.<\/li>\n<\/ul>\n\n<h2>\u00a0<\/h2>\n<h2 class=\"has-medium-font-size\"><strong>C\u00d3MO CONFIGURAR Y DESHABILITAR LAS COOKIES<\/strong><\/h2>\n\n<p>You can allow or block cookies, as well as delete your browsing data (including cookies) from your browser. Check your browser\u2019s options and instructions for this. Keep in mind that, if you accept third-party cookies, you must delete them from the browser options. Finally, we inform you that you can exercise your rights according to chapter III of the General Data Protection Regulation, of access, rectification, limitation, portability, cancellation and opposition. If you want more information, you can find it in the Privacy Policy of our website.<\/p>\n\n<p>\u2013\u00a0<a href=\"https:\/\/support.google.com\/chrome\/answer\/95647?hl=es\">Google <\/a><a href=\"https:\/\/support.google.com\/chrome\/answer\/95647?hl=es\" target=\"_blank\" rel=\"noreferrer noopener\">Chrome<\/a><\/p>\n\n<p>\u2013\u00a0<a href=\"https:\/\/support.mozilla.org\/es\/kb\/habilitar-y-deshabilitar-cookies-sitios-web-rastrear-preferencias?redirectlocale=es&redirectslug=habilitar-y-deshabilitar-cookies-que-los-sitios-we\">Mozilla <\/a><a href=\"https:\/\/support.mozilla.org\/es\/kb\/habilitar-y-deshabilitar-cookies-sitios-web-rastrear-preferencias?redirectlocale=es&redirectslug=habilitar-y-deshabilitar-cookies-que-los-sitios-we\" target=\"_blank\" rel=\"noreferrer noopener\">Firefox<\/a><\/p>\n\n<p>\u2013\u00a0<a href=\"https:\/\/support.microsoft.com\/es-es\/help\/17442\/windows-internet-explorer-delete-manage-cookies\" target=\"_blank\" rel=\"noreferrer noopener\">Internet Explorer<\/a><\/p>\n\n<p>\u2013\u00a0<a href=\"https:\/\/support.apple.com\/kb\/PH19214?viewlocale=es_ES&locale=es_ES\" target=\"_blank\" rel=\"noreferrer noopener\">Safari<\/a><\/p>\n\n<p>\u2013\u00a0<a href=\"https:\/\/support.apple.com\/es-es\/HT201265\" target=\"_blank\" rel=\"noreferrer noopener\">Safari Mobile<\/a><\/p>\n\n<p>\u2013\u00a0<a href=\"https:\/\/support.google.com\/chrome\/answer\/114662?hl=es&visit_id=0-636651153012485922-2077119737&rd=1\" target=\"_blank\" rel=\"noreferrer noopener\">Google Android<\/a><\/p>\n\t\t\t\t\t\t\t\t<\/div>\n\t\t\t\t<\/div>\n\t\t\t\t\t<\/div>\n\t\t\t\t<\/div>\n\t\t<div class=\"elementor-element elementor-element-ff956ae e-flex e-con-boxed e-con e-parent\" data-id=\"ff956ae\" data-element_type=\"container\" data-e-type=\"container\">\n\t\t\t\t\t<div class=\"e-con-inner\">\n\t\t\t\t<div class=\"elementor-element elementor-element-843a6f6 elementor-widget elementor-widget-spacer\" data-id=\"843a6f6\" data-element_type=\"widget\" data-e-type=\"widget\" data-widget_type=\"spacer.default\">\n\t\t\t\t<div class=\"elementor-widget-container\">\n\t\t\t\t\t\t\t<div class=\"elementor-spacer\">\n\t\t\t<div class=\"elementor-spacer-inner\"><\/div>\n\t\t<\/div>\n\t\t\t\t\t\t<\/div>\n\t\t\t\t<\/div>\n\t\t\t\t\t<\/div>\n\t\t\t\t<\/div>\n\t\t\t\t<\/div>","protected":false},"excerpt":{"rendered":"<p>WHO IS THE EDITOR OF THIS WEBSITE? Travel Compositor S.L.U. Calle de Cal\u00e7at 6, 3\u00aa Planta, Pol\u00edgono Son Valent\u00ed, Palma de Mallorca, (Illes Balears) B57876484 \u00a0 WHAT ARE COOKIES? This website uses cookies and\/or similar technologies that store and recover information when you browse. In general, this technologies can be useful for a wide range [&hellip;]<\/p>\n","protected":false},"author":1,"featured_media":0,"parent":0,"menu_order":0,"comment_status":"closed","ping_status":"closed","template":"","meta":{"footnotes":""},"class_list":["post-1484","page","type-page","status-publish","hentry"],"yoast_head":"<!-- This site is optimized with the Yoast SEO plugin v27.5 - https:\/\/yoast.com\/product\/yoast-seo-wordpress\/ -->\n<title>Cookies Policy | Travel Compositor - The Holistic System by TravelSoft<\/title>\n<meta name=\"description\" content=\"Technological solutions for travel agency networks, tour operators, OTAs and DMCs. Power your business with our tools.\" \/>\n<meta name=\"robots\" content=\"index, follow, max-snippet:-1, max-image-preview:large, max-video-preview:-1\" \/>\n<link rel=\"canonical\" href=\"https:\/\/travelcompositor.com\/es\/cookies-policy\/\" \/>\n<meta property=\"og:locale\" content=\"es_ES\" \/>\n<meta property=\"og:type\" content=\"article\" \/>\n<meta property=\"og:title\" content=\"Cookies Policy | Travel Compositor - The Holistic System by TravelSoft\" \/>\n<meta property=\"og:description\" content=\"Technological solutions for travel agency networks, tour operators, OTAs and DMCs. Power your business with our tools.\" \/>\n<meta property=\"og:url\" content=\"https:\/\/travelcompositor.com\/es\/cookies-policy\/\" \/>\n<meta property=\"og:site_name\" content=\"Travel Compositor - The Holistic System by TravelSoft\" \/>\n<meta property=\"article:modified_time\" content=\"2025-11-14T12:14:42+00:00\" \/>\n<meta property=\"og:image\" content=\"https:\/\/travelcompositor.com\/wp-content\/uploads\/2023\/04\/travelcompositor-web-demo.jpg\" \/>\n\t<meta property=\"og:image:width\" content=\"1000\" \/>\n\t<meta property=\"og:image:height\" content=\"600\" \/>\n\t<meta property=\"og:image:type\" content=\"image\/jpeg\" \/>\n<meta name=\"twitter:card\" content=\"summary_large_image\" \/>\n<meta name=\"twitter:site\" content=\"@TravelC_online\" \/>\n<meta name=\"twitter:label1\" content=\"Tiempo de lectura\" \/>\n\t<meta name=\"twitter:data1\" content=\"2 minutos\" \/>\n<script type=\"application\/ld+json\" class=\"yoast-schema-graph\">{\"@context\":\"https:\\\/\\\/schema.org\",\"@graph\":[{\"@type\":\"WebPage\",\"@id\":\"https:\\\/\\\/travelcompositor.com\\\/cookies-policy\\\/\",\"url\":\"https:\\\/\\\/travelcompositor.com\\\/cookies-policy\\\/\",\"name\":\"Cookies Policy | Travel Compositor - The Holistic System by TravelSoft\",\"isPartOf\":{\"@id\":\"https:\\\/\\\/travelcompositor.com\\\/es\\\/#website\"},\"datePublished\":\"2023-05-04T12:09:00+00:00\",\"dateModified\":\"2025-11-14T12:14:42+00:00\",\"description\":\"Technological solutions for travel agency networks, tour operators, OTAs and DMCs. Power your business with our tools.\",\"breadcrumb\":{\"@id\":\"https:\\\/\\\/travelcompositor.com\\\/cookies-policy\\\/#breadcrumb\"},\"inLanguage\":\"es\",\"potentialAction\":[{\"@type\":\"ReadAction\",\"target\":[\"https:\\\/\\\/travelcompositor.com\\\/cookies-policy\\\/\"]}]},{\"@type\":\"BreadcrumbList\",\"@id\":\"https:\\\/\\\/travelcompositor.com\\\/cookies-policy\\\/#breadcrumb\",\"itemListElement\":[{\"@type\":\"ListItem\",\"position\":1,\"name\":\"Portada\",\"item\":\"https:\\\/\\\/travelcompositor.com\\\/\"},{\"@type\":\"ListItem\",\"position\":2,\"name\":\"Cookies Policy\"}]},{\"@type\":\"WebSite\",\"@id\":\"https:\\\/\\\/travelcompositor.com\\\/es\\\/#website\",\"url\":\"https:\\\/\\\/travelcompositor.com\\\/es\\\/\",\"name\":\"Travel Compositor - The Holistic System by TravelSoft\",\"description\":\"El \u00fanico sistema Hol\u00edstico de venta de viajes. nuestra tecnolog\u00eda ofrece todos los servicios necesarios para un viaje en una sola sesi\u00f3n y pago. Porque tenemos un modelo disponible para cada tipo de empresas de turismo, viajes y ocio. Porque ofrecemos un mundo servicios y valores a\u00f1adidos alrededor de la tecnolog\u00eda convirtiendonos en algo m\u00e1s que un proveedor, un generador de negocio y tu mejor socio para tu \u00e9xito y crecimiento.\",\"publisher\":{\"@id\":\"https:\\\/\\\/travelcompositor.com\\\/es\\\/#organization\"},\"alternateName\":\"Travel Compositor - The Holistic System by TravelSoft\",\"potentialAction\":[{\"@type\":\"SearchAction\",\"target\":{\"@type\":\"EntryPoint\",\"urlTemplate\":\"https:\\\/\\\/travelcompositor.com\\\/es\\\/?s={search_term_string}\"},\"query-input\":{\"@type\":\"PropertyValueSpecification\",\"valueRequired\":true,\"valueName\":\"search_term_string\"}}],\"inLanguage\":\"es\"},{\"@type\":\"Organization\",\"@id\":\"https:\\\/\\\/travelcompositor.com\\\/es\\\/#organization\",\"name\":\"Travel Compositor - The Holistic System by TravelSoft\",\"alternateName\":\"TravelC\",\"url\":\"https:\\\/\\\/travelcompositor.com\\\/es\\\/\",\"logo\":{\"@type\":\"ImageObject\",\"inLanguage\":\"es\",\"@id\":\"https:\\\/\\\/travelcompositor.com\\\/es\\\/#\\\/schema\\\/logo\\\/image\\\/\",\"url\":\"\",\"contentUrl\":\"\",\"caption\":\"Travel Compositor - The Holistic System by TravelSoft\"},\"image\":{\"@id\":\"https:\\\/\\\/travelcompositor.com\\\/es\\\/#\\\/schema\\\/logo\\\/image\\\/\"},\"sameAs\":[\"https:\\\/\\\/x.com\\\/TravelC_online\",\"https:\\\/\\\/www.linkedin.com\\\/company\\\/travelcompositor\\\/\",\"https:\\\/\\\/www.youtube.com\\\/channel\\\/UC7fnIOjOmM55eHolZtlIpsw\"]}]}<\/script>\n<!-- \/ Yoast SEO plugin. -->","yoast_head_json":{"title":"Cookies Policy | Travel Compositor - The Holistic System by TravelSoft","description":"Technological solutions for travel agency networks, tour operators, OTAs and DMCs. Power your business with our tools.","robots":{"index":"index","follow":"follow","max-snippet":"max-snippet:-1","max-image-preview":"max-image-preview:large","max-video-preview":"max-video-preview:-1"},"canonical":"https:\/\/travelcompositor.com\/es\/cookies-policy\/","og_locale":"es_ES","og_type":"article","og_title":"Cookies Policy | Travel Compositor - The Holistic System by TravelSoft","og_description":"Technological solutions for travel agency networks, tour operators, OTAs and DMCs. Power your business with our tools.","og_url":"https:\/\/travelcompositor.com\/es\/cookies-policy\/","og_site_name":"Travel Compositor - The Holistic System by TravelSoft","article_modified_time":"2025-11-14T12:14:42+00:00","og_image":[{"width":1000,"height":600,"url":"https:\/\/travelcompositor.com\/wp-content\/uploads\/2023\/04\/travelcompositor-web-demo.jpg","type":"image\/jpeg"}],"twitter_card":"summary_large_image","twitter_site":"@TravelC_online","twitter_misc":{"Tiempo de lectura":"2 minutos"},"schema":{"@context":"https:\/\/schema.org","@graph":[{"@type":"WebPage","@id":"https:\/\/travelcompositor.com\/cookies-policy\/","url":"https:\/\/travelcompositor.com\/cookies-policy\/","name":"Cookies Policy | Travel Compositor - The Holistic System by TravelSoft","isPartOf":{"@id":"https:\/\/travelcompositor.com\/es\/#website"},"datePublished":"2023-05-04T12:09:00+00:00","dateModified":"2025-11-14T12:14:42+00:00","description":"Technological solutions for travel agency networks, tour operators, OTAs and DMCs. Power your business with our tools.","breadcrumb":{"@id":"https:\/\/travelcompositor.com\/cookies-policy\/#breadcrumb"},"inLanguage":"es","potentialAction":[{"@type":"ReadAction","target":["https:\/\/travelcompositor.com\/cookies-policy\/"]}]},{"@type":"BreadcrumbList","@id":"https:\/\/travelcompositor.com\/cookies-policy\/#breadcrumb","itemListElement":[{"@type":"ListItem","position":1,"name":"Portada","item":"https:\/\/travelcompositor.com\/"},{"@type":"ListItem","position":2,"name":"Cookies Policy"}]},{"@type":"WebSite","@id":"https:\/\/travelcompositor.com\/es\/#website","url":"https:\/\/travelcompositor.com\/es\/","name":"Travel Compositor - The Holistic System by TravelSoft","description":"El \u00fanico sistema Hol\u00edstico de venta de viajes. nuestra tecnolog\u00eda ofrece todos los servicios necesarios para un viaje en una sola sesi\u00f3n y pago. Porque tenemos un modelo disponible para cada tipo de empresas de turismo, viajes y ocio. Porque ofrecemos un mundo servicios y valores a\u00f1adidos alrededor de la tecnolog\u00eda convirtiendonos en algo m\u00e1s que un proveedor, un generador de negocio y tu mejor socio para tu \u00e9xito y crecimiento.","publisher":{"@id":"https:\/\/travelcompositor.com\/es\/#organization"},"alternateName":"Travel Compositor - The Holistic System by TravelSoft","potentialAction":[{"@type":"SearchAction","target":{"@type":"EntryPoint","urlTemplate":"https:\/\/travelcompositor.com\/es\/?s={search_term_string}"},"query-input":{"@type":"PropertyValueSpecification","valueRequired":true,"valueName":"search_term_string"}}],"inLanguage":"es"},{"@type":"Organization","@id":"https:\/\/travelcompositor.com\/es\/#organization","name":"Travel Compositor - The Holistic System by TravelSoft","alternateName":"TravelC","url":"https:\/\/travelcompositor.com\/es\/","logo":{"@type":"ImageObject","inLanguage":"es","@id":"https:\/\/travelcompositor.com\/es\/#\/schema\/logo\/image\/","url":"","contentUrl":"","caption":"Travel Compositor - The Holistic System by TravelSoft"},"image":{"@id":"https:\/\/travelcompositor.com\/es\/#\/schema\/logo\/image\/"},"sameAs":["https:\/\/x.com\/TravelC_online","https:\/\/www.linkedin.com\/company\/travelcompositor\/","https:\/\/www.youtube.com\/channel\/UC7fnIOjOmM55eHolZtlIpsw"]}]}},"_links":{"self":[{"href":"https:\/\/travelcompositor.com\/es\/wp-json\/wp\/v2\/pages\/1484","targetHints":{"allow":["GET"]}}],"collection":[{"href":"https:\/\/travelcompositor.com\/es\/wp-json\/wp\/v2\/pages"}],"about":[{"href":"https:\/\/travelcompositor.com\/es\/wp-json\/wp\/v2\/types\/page"}],"author":[{"embeddable":true,"href":"https:\/\/travelcompositor.com\/es\/wp-json\/wp\/v2\/users\/1"}],"replies":[{"embeddable":true,"href":"https:\/\/travelcompositor.com\/es\/wp-json\/wp\/v2\/comments?post=1484"}],"version-history":[{"count":13,"href":"https:\/\/travelcompositor.com\/es\/wp-json\/wp\/v2\/pages\/1484\/revisions"}],"predecessor-version":[{"id":16028,"href":"https:\/\/travelcompositor.com\/es\/wp-json\/wp\/v2\/pages\/1484\/revisions\/16028"}],"wp:attachment":[{"href":"https:\/\/travelcompositor.com\/es\/wp-json\/wp\/v2\/media?parent=1484"}],"curies":[{"name":"wp","href":"https:\/\/api.w.org\/{rel}","templated":true}]}}