{"id":3,"date":"2022-06-21T17:42:59","date_gmt":"2022-06-21T15:42:59","guid":{"rendered":"https:\/\/www.travelcompositor.com\/?page_id=3"},"modified":"2024-06-12T10:40:46","modified_gmt":"2024-06-12T08:40:46","slug":"privacy-policy","status":"publish","type":"page","link":"https:\/\/travelcompositor.com\/en\/privacy-policy\/","title":{"rendered":"Travel Compositor\u2019s privacy policy"},"content":{"rendered":"\n<p>Last update: 26\/06\/2023<\/p>\n\n\n\n<h2 class=\"wp-block-heading has-medium-font-size\">PERSONA DATA INFORMATION<\/h2>\n\n\n\n<p>In accordance with current regulations on data protection conformed by Regulation (EU) 2016\/679 General Data Protection (GDPR) and Organic Law 3\/2018, of December 5, on Personal Data Protection and guarantee of digital rights (LOPDGDD), we inform you of some questions about the treatment of your personal information by Travel Compositor<\/p>\n\n\n\n<h2 class=\"wp-block-heading has-medium-font-size\">WHO IS RESPOSSIBLE FOR YOUR DATA TREATMENT ?<\/h2>\n\n\n\n<p><strong>Corporate name:&nbsp;<\/strong>Travel Compositor S.L.U.<\/p>\n\n\n\n<p><strong>NIF:<\/strong>&nbsp;B57876484<\/p>\n\n\n\n<p><strong>Address:\u00a0<\/strong>Calle de Cal\u00e7at 6, 3\u00aa Planta, Pol\u00edgono Son Valent\u00ed, Palma de Mallorca,\u00a0Illes Balears (Espa\u00f1a)<\/p>\n\n\n\n<p><strong>Contact:&nbsp;<\/strong><a href=\"mailto:info@travelcompositor.com\">info@travelcompositor.com<\/a><\/p>\n\n\n\n<h2 class=\"wp-block-heading has-medium-font-size\">WHAT IS THE PURPOSE OF COLLECTING AND PROCESSING YOUR DATA?<\/h2>\n\n\n\n<p>We collect your data to be able to manage the commercialization of our services upon your request by contacting us.<\/p>\n\n\n\n<h2 class=\"wp-block-heading has-medium-font-size\">HOW LONG WILL WE KEEP YOUR DATA?<\/h2>\n\n\n\n<p>As a general rule, your data will be kept until we reach the end of the reason for which they were collected. In any case, they will be kept for a period of five years, after which we will destroy them.<\/p>\n\n\n\n<h2 class=\"wp-block-heading has-medium-font-size\">ARE AUTOMATED DECISIONS MADE ABOUT YOUR DATA?<\/h2>\n\n\n\n<p>Automated decisions about your personal data are not planned<\/p>\n\n\n\n<h2 class=\"wp-block-heading has-medium-font-size\">WHAT IS THE LEGITIMACY FOR THE PROCESSING OF YOUR DATA?<\/h2>\n\n\n\n<p><strong>Consent<\/strong>&nbsp;will be the basis of legitimation.<\/p>\n\n\n\n<p>Likewise, the processing of your data will be based on the execution of pre-contractual measures adopted at your request and whose treatment is essential for the execution of your requests.<\/p>\n\n\n\n<h2 class=\"wp-block-heading has-medium-font-size\">WHO DO WE COMMUNICATE YOUR DATA TO?<\/h2>\n\n\n\n<p>We will not communicate your data under any circumstances. In any case, if we plan to do so, we will request your permission beforehand, so international transfers are not expected.<\/p>\n\n\n\n<h2 class=\"wp-block-heading has-medium-font-size\">WHAT ARE YOUR RIGHTS BY PROVIDING US WITH YOUR INFORMATION?<\/h2>\n\n\n\n<p>You should know that, by treating your personal data, you have some rights that we detail bellow:<\/p>\n\n\n\n<ul class=\"wp-block-list\">\n<li>Right of access: You can request access to all your personal data that we process.<\/li>\n\n\n\n<li>Right of rectification: You will have the right to rectify your data, either because they are inaccurate or because they have changed.<\/li>\n\n\n\n<li>Right of deletion: You can also request the deletion of your data as long as any of the causes of art. 17.3 GDPR<\/li>\n\n\n\n<li>Right to object: You will have the right to request that your personal data not be processed for certain purposes.<\/li>\n\n\n\n<li><strong>Right to the limitation of the treatment:&nbsp;<\/strong>You can also request the limitation of the processing of your data in the following cases:During the challenge study because of the inaccuracy of your data.If the treatment is illegal, you object to the deletion of the data.When we do not need to process your data, but you need them for the exercise or defense against possible claims.If you have opposed the processing of the data claiming public or legitimate interest, while we are analyzing whether our reasons for the treatment prevail over your interests<\/li>\n\n\n\n<li><strong>Right to portability:<\/strong>&nbsp;You will have the right to have your personal data delivered electronically, so that it is manageable by you.<\/li>\n\n\n\n<li><strong>Right not to be subject to automated individual decisions:&nbsp;<\/strong>Finally, you will have the right to not be subject to a decision based on the automated processing of your personal data and may have legal effects on you.<\/li>\n<\/ul>\n\n\n\n<p>When the basis of legitimation for the processing of the data is based on your consent, you have the right to withdraw that consent at any time.<\/p>\n\n\n\n<p>To exercise these rights, you can send your request to the postal or electronic address that you will find at the beginning of this Privacy Policy with the right you exercise and providing a copy of your identification document (ID \/ NIE) or your Passport.<\/p>\n\n\n\n<p>In addition, we remind you that you also have the possibility to file a claim with the Control Authority. For more information you can check the website of the Spanish Agency for Data Protection<a href=\"https:\/\/www.aepd.es\/\">, www.aepd.es.<\/a><\/p>\n\n\n\n<h2 class=\"wp-block-heading has-medium-font-size\">IS YOUR DATA SAFE?<\/h2>\n\n\n\n<p>At Travel Compositor we collect, process and store your data by applying information security policies and regulations. These security measures apply to both information in electronic and paper format, and guarantee the confidentiality, integrity and availability of your data. If there is an event or incident that compromises your data, we will notify you as soon as possible.<\/p>\n\n\n\n<h2 class=\"wp-block-heading has-medium-font-size\">OTHER QUESTIONS<\/h2>\n\n\n\n<p>Travel Compositor in some cases conditions the use of the Service to the previous completion of the corresponding User registration, and must indicate at least the information marked with a yellow dot on certain personal data.<\/p>\n\n\n\n<p>We remind you that to carry out a correct provision of the service you must provide us with the exact and truthful data, reserving the right of exclusion of the services to the interested parties who have provided false information and without prejudice to the legal actions that the Responsible can initiate.<\/p>\n\n\n\n<p>When you make a reservation for another person through Travel Compositor, we will request personal information and travel preferences from that person. You must obtain the consent of these other persons before providing us with your personal information and travel preferences.<\/p>\n\n\n\n<h2 class=\"wp-block-heading has-medium-font-size\">CHANGES TO THE PRIVACY POLICY<\/h2>\n\n\n\n<p>We remind you that our Privacy Policy may be updated in the future.<\/p>\n\n\n\n<p>We will inform you about substantial changes to this Privacy Policy by sending a notice to the email address you provided and placing a notice in a prominent place on our website.<\/p>\n","protected":false},"excerpt":{"rendered":"<p>Last update: 26\/06\/2023 PERSONA DATA INFORMATION In accordance with current regulations on data protection conformed by Regulation (EU) 2016\/679 General Data Protection (GDPR) and Organic Law 3\/2018, of December 5, on Personal Data Protection and guarantee of digital rights (LOPDGDD), we inform you of some questions about the treatment of your personal information by Travel [&hellip;]<\/p>\n","protected":false},"author":1,"featured_media":0,"parent":0,"menu_order":0,"comment_status":"closed","ping_status":"closed","template":"","meta":{"footnotes":""},"class_list":["post-3","page","type-page","status-publish","hentry"],"yoast_head":"<!-- This site is optimized with the Yoast SEO plugin v27.3 - https:\/\/yoast.com\/product\/yoast-seo-wordpress\/ -->\n<title>Travel Compositor\u2019s privacy policy | Travel Compositor - The Holistic System by TravelSoft<\/title>\n<meta name=\"description\" content=\"Technological solutions for travel agency networks, tour operators, OTAs and DMCs. Power your business with our tools.\" \/>\n<meta name=\"robots\" content=\"index, follow, max-snippet:-1, max-image-preview:large, max-video-preview:-1\" \/>\n<link rel=\"canonical\" href=\"https:\/\/travelcompositor.com\/en\/privacy-policy\/\" \/>\n<meta property=\"og:locale\" content=\"en_GB\" \/>\n<meta property=\"og:type\" content=\"article\" \/>\n<meta property=\"og:title\" content=\"Travel Compositor\u2019s privacy policy | Travel Compositor - The Holistic System by TravelSoft\" \/>\n<meta property=\"og:description\" content=\"Technological solutions for travel agency networks, tour operators, OTAs and DMCs. Power your business with our tools.\" \/>\n<meta property=\"og:url\" content=\"https:\/\/travelcompositor.com\/en\/privacy-policy\/\" \/>\n<meta property=\"og:site_name\" content=\"Travel Compositor - The Holistic System by TravelSoft\" \/>\n<meta property=\"article:modified_time\" content=\"2024-06-12T08:40:46+00:00\" \/>\n<meta property=\"og:image\" content=\"https:\/\/travelcompositor.com\/wp-content\/uploads\/2023\/04\/travelcompositor-web-demo.jpg\" \/>\n\t<meta property=\"og:image:width\" content=\"1000\" \/>\n\t<meta property=\"og:image:height\" content=\"600\" \/>\n\t<meta property=\"og:image:type\" content=\"image\/jpeg\" \/>\n<meta name=\"twitter:card\" content=\"summary_large_image\" \/>\n<meta name=\"twitter:site\" content=\"@TravelC_online\" \/>\n<meta name=\"twitter:label1\" content=\"Estimated reading time\" \/>\n\t<meta name=\"twitter:data1\" content=\"5 minutes\" \/>\n<script type=\"application\/ld+json\" class=\"yoast-schema-graph\">{\"@context\":\"https:\\\/\\\/schema.org\",\"@graph\":[{\"@type\":\"WebPage\",\"@id\":\"https:\\\/\\\/travelcompositor.com\\\/en\\\/privacy-policy\\\/\",\"url\":\"https:\\\/\\\/travelcompositor.com\\\/en\\\/privacy-policy\\\/\",\"name\":\"Travel Compositor\u2019s privacy policy | Travel Compositor - The Holistic System by TravelSoft\",\"isPartOf\":{\"@id\":\"https:\\\/\\\/travelcompositor.com\\\/es\\\/#website\"},\"datePublished\":\"2022-06-21T15:42:59+00:00\",\"dateModified\":\"2024-06-12T08:40:46+00:00\",\"description\":\"Technological solutions for travel agency networks, tour operators, OTAs and DMCs. Power your business with our tools.\",\"breadcrumb\":{\"@id\":\"https:\\\/\\\/travelcompositor.com\\\/en\\\/privacy-policy\\\/#breadcrumb\"},\"inLanguage\":\"en-GB\",\"potentialAction\":[{\"@type\":\"ReadAction\",\"target\":[\"https:\\\/\\\/travelcompositor.com\\\/en\\\/privacy-policy\\\/\"]}]},{\"@type\":\"BreadcrumbList\",\"@id\":\"https:\\\/\\\/travelcompositor.com\\\/en\\\/privacy-policy\\\/#breadcrumb\",\"itemListElement\":[{\"@type\":\"ListItem\",\"position\":1,\"name\":\"Portada\",\"item\":\"https:\\\/\\\/travelcompositor.com\\\/\"},{\"@type\":\"ListItem\",\"position\":2,\"name\":\"Travel Compositor\u2019s privacy policy\"}]},{\"@type\":\"WebSite\",\"@id\":\"https:\\\/\\\/travelcompositor.com\\\/es\\\/#website\",\"url\":\"https:\\\/\\\/travelcompositor.com\\\/es\\\/\",\"name\":\"Travel Compositor - The Holistic System by TravelSoft\",\"description\":\"El \u00fanico sistema Hol\u00edstico de venta de viajes. nuestra tecnolog\u00eda ofrece todos los servicios necesarios para un viaje en una sola sesi\u00f3n y pago. Porque tenemos un modelo disponible para cada tipo de empresas de turismo, viajes y ocio. Porque ofrecemos un mundo servicios y valores a\u00f1adidos alrededor de la tecnolog\u00eda convirtiendonos en algo m\u00e1s que un proveedor, un generador de negocio y tu mejor socio para tu \u00e9xito y crecimiento.\",\"publisher\":{\"@id\":\"https:\\\/\\\/travelcompositor.com\\\/es\\\/#organization\"},\"alternateName\":\"Travel Compositor - The Holistic System by TravelSoft\",\"potentialAction\":[{\"@type\":\"SearchAction\",\"target\":{\"@type\":\"EntryPoint\",\"urlTemplate\":\"https:\\\/\\\/travelcompositor.com\\\/es\\\/?s={search_term_string}\"},\"query-input\":{\"@type\":\"PropertyValueSpecification\",\"valueRequired\":true,\"valueName\":\"search_term_string\"}}],\"inLanguage\":\"en-GB\"},{\"@type\":\"Organization\",\"@id\":\"https:\\\/\\\/travelcompositor.com\\\/es\\\/#organization\",\"name\":\"Travel Compositor - The Holistic System by TravelSoft\",\"alternateName\":\"TravelC\",\"url\":\"https:\\\/\\\/travelcompositor.com\\\/es\\\/\",\"logo\":{\"@type\":\"ImageObject\",\"inLanguage\":\"en-GB\",\"@id\":\"https:\\\/\\\/travelcompositor.com\\\/es\\\/#\\\/schema\\\/logo\\\/image\\\/\",\"url\":\"\",\"contentUrl\":\"\",\"caption\":\"Travel Compositor - The Holistic System by TravelSoft\"},\"image\":{\"@id\":\"https:\\\/\\\/travelcompositor.com\\\/es\\\/#\\\/schema\\\/logo\\\/image\\\/\"},\"sameAs\":[\"https:\\\/\\\/x.com\\\/TravelC_online\",\"https:\\\/\\\/www.linkedin.com\\\/company\\\/travelcompositor\\\/\",\"https:\\\/\\\/www.youtube.com\\\/channel\\\/UC7fnIOjOmM55eHolZtlIpsw\"]}]}<\/script>\n<!-- \/ Yoast SEO plugin. -->","yoast_head_json":{"title":"Travel Compositor\u2019s privacy policy | Travel Compositor - The Holistic System by TravelSoft","description":"Technological solutions for travel agency networks, tour operators, OTAs and DMCs. Power your business with our tools.","robots":{"index":"index","follow":"follow","max-snippet":"max-snippet:-1","max-image-preview":"max-image-preview:large","max-video-preview":"max-video-preview:-1"},"canonical":"https:\/\/travelcompositor.com\/en\/privacy-policy\/","og_locale":"en_GB","og_type":"article","og_title":"Travel Compositor\u2019s privacy policy | Travel Compositor - The Holistic System by TravelSoft","og_description":"Technological solutions for travel agency networks, tour operators, OTAs and DMCs. Power your business with our tools.","og_url":"https:\/\/travelcompositor.com\/en\/privacy-policy\/","og_site_name":"Travel Compositor - The Holistic System by TravelSoft","article_modified_time":"2024-06-12T08:40:46+00:00","og_image":[{"width":1000,"height":600,"url":"https:\/\/travelcompositor.com\/wp-content\/uploads\/2023\/04\/travelcompositor-web-demo.jpg","type":"image\/jpeg"}],"twitter_card":"summary_large_image","twitter_site":"@TravelC_online","twitter_misc":{"Estimated reading time":"5 minutes"},"schema":{"@context":"https:\/\/schema.org","@graph":[{"@type":"WebPage","@id":"https:\/\/travelcompositor.com\/en\/privacy-policy\/","url":"https:\/\/travelcompositor.com\/en\/privacy-policy\/","name":"Travel Compositor\u2019s privacy policy | Travel Compositor - The Holistic System by TravelSoft","isPartOf":{"@id":"https:\/\/travelcompositor.com\/es\/#website"},"datePublished":"2022-06-21T15:42:59+00:00","dateModified":"2024-06-12T08:40:46+00:00","description":"Technological solutions for travel agency networks, tour operators, OTAs and DMCs. Power your business with our tools.","breadcrumb":{"@id":"https:\/\/travelcompositor.com\/en\/privacy-policy\/#breadcrumb"},"inLanguage":"en-GB","potentialAction":[{"@type":"ReadAction","target":["https:\/\/travelcompositor.com\/en\/privacy-policy\/"]}]},{"@type":"BreadcrumbList","@id":"https:\/\/travelcompositor.com\/en\/privacy-policy\/#breadcrumb","itemListElement":[{"@type":"ListItem","position":1,"name":"Portada","item":"https:\/\/travelcompositor.com\/"},{"@type":"ListItem","position":2,"name":"Travel Compositor\u2019s privacy policy"}]},{"@type":"WebSite","@id":"https:\/\/travelcompositor.com\/es\/#website","url":"https:\/\/travelcompositor.com\/es\/","name":"Travel Compositor - The Holistic System by TravelSoft","description":"El \u00fanico sistema Hol\u00edstico de venta de viajes. nuestra tecnolog\u00eda ofrece todos los servicios necesarios para un viaje en una sola sesi\u00f3n y pago. Porque tenemos un modelo disponible para cada tipo de empresas de turismo, viajes y ocio. Porque ofrecemos un mundo servicios y valores a\u00f1adidos alrededor de la tecnolog\u00eda convirtiendonos en algo m\u00e1s que un proveedor, un generador de negocio y tu mejor socio para tu \u00e9xito y crecimiento.","publisher":{"@id":"https:\/\/travelcompositor.com\/es\/#organization"},"alternateName":"Travel Compositor - The Holistic System by TravelSoft","potentialAction":[{"@type":"SearchAction","target":{"@type":"EntryPoint","urlTemplate":"https:\/\/travelcompositor.com\/es\/?s={search_term_string}"},"query-input":{"@type":"PropertyValueSpecification","valueRequired":true,"valueName":"search_term_string"}}],"inLanguage":"en-GB"},{"@type":"Organization","@id":"https:\/\/travelcompositor.com\/es\/#organization","name":"Travel Compositor - The Holistic System by TravelSoft","alternateName":"TravelC","url":"https:\/\/travelcompositor.com\/es\/","logo":{"@type":"ImageObject","inLanguage":"en-GB","@id":"https:\/\/travelcompositor.com\/es\/#\/schema\/logo\/image\/","url":"","contentUrl":"","caption":"Travel Compositor - The Holistic System by TravelSoft"},"image":{"@id":"https:\/\/travelcompositor.com\/es\/#\/schema\/logo\/image\/"},"sameAs":["https:\/\/x.com\/TravelC_online","https:\/\/www.linkedin.com\/company\/travelcompositor\/","https:\/\/www.youtube.com\/channel\/UC7fnIOjOmM55eHolZtlIpsw"]}]}},"_links":{"self":[{"href":"https:\/\/travelcompositor.com\/en\/wp-json\/wp\/v2\/pages\/3","targetHints":{"allow":["GET"]}}],"collection":[{"href":"https:\/\/travelcompositor.com\/en\/wp-json\/wp\/v2\/pages"}],"about":[{"href":"https:\/\/travelcompositor.com\/en\/wp-json\/wp\/v2\/types\/page"}],"author":[{"embeddable":true,"href":"https:\/\/travelcompositor.com\/en\/wp-json\/wp\/v2\/users\/1"}],"replies":[{"embeddable":true,"href":"https:\/\/travelcompositor.com\/en\/wp-json\/wp\/v2\/comments?post=3"}],"version-history":[{"count":5,"href":"https:\/\/travelcompositor.com\/en\/wp-json\/wp\/v2\/pages\/3\/revisions"}],"predecessor-version":[{"id":13113,"href":"https:\/\/travelcompositor.com\/en\/wp-json\/wp\/v2\/pages\/3\/revisions\/13113"}],"wp:attachment":[{"href":"https:\/\/travelcompositor.com\/en\/wp-json\/wp\/v2\/media?parent=3"}],"curies":[{"name":"wp","href":"https:\/\/api.w.org\/{rel}","templated":true}]}}