{"id":16734,"date":"2026-04-23T11:54:37","date_gmt":"2026-04-23T09:54:37","guid":{"rendered":"https:\/\/travelcompositor.com\/?page_id=16734"},"modified":"2026-04-23T12:31:32","modified_gmt":"2026-04-23T10:31:32","slug":"providers-visas","status":"publish","type":"page","link":"https:\/\/travelcompositor.com\/en\/providers\/providers-visas\/","title":{"rendered":"Visas"},"content":{"rendered":"\t\t<div data-elementor-type=\"wp-page\" data-elementor-id=\"16734\" class=\"elementor elementor-16734\">\n\t\t\t\t<div class=\"elementor-element elementor-element-1bb8640d e-flex e-con-boxed e-con e-parent\" data-id=\"1bb8640d\" data-element_type=\"container\" data-e-type=\"container\" data-settings=\"{&quot;background_background&quot;:&quot;slideshow&quot;,&quot;background_slideshow_gallery&quot;:[{&quot;id&quot;:1952,&quot;url&quot;:&quot;https:\\\/\\\/www.travelcompositor.com\\\/wp-content\\\/uploads\\\/2022\\\/06\\\/1.1-1.jpg&quot;},{&quot;id&quot;:5099,&quot;url&quot;:&quot;https:\\\/\\\/www.travelcompositor.com\\\/wp-content\\\/uploads\\\/2022\\\/06\\\/slide-2.png&quot;}],&quot;background_slideshow_slide_duration&quot;:7000,&quot;background_slideshow_transition_duration&quot;:600,&quot;background_slideshow_ken_burns&quot;:&quot;yes&quot;,&quot;background_slideshow_loop&quot;:&quot;yes&quot;,&quot;background_slideshow_slide_transition&quot;:&quot;fade&quot;,&quot;background_slideshow_ken_burns_zoom_direction&quot;:&quot;in&quot;}\">\n\t\t\t\t\t<div class=\"e-con-inner\">\n\t\t<div class=\"elementor-element elementor-element-258a42e e-grid e-con-full e-con e-child\" data-id=\"258a42e\" data-element_type=\"container\" data-e-type=\"container\">\n\t\t\t\t<div class=\"elementor-element elementor-element-54cc56b9 elementor-widget elementor-widget-heading\" data-id=\"54cc56b9\" data-element_type=\"widget\" data-e-type=\"widget\" data-widget_type=\"heading.default\">\n\t\t\t\t<div class=\"elementor-widget-container\">\n\t\t\t\t\t<h1 class=\"elementor-heading-title elementor-size-xxl\">Visas<\/h1>\t\t\t\t<\/div>\n\t\t\t\t<\/div>\n\t\t\t\t<div class=\"elementor-element elementor-element-5431d327 elementor-widget elementor-widget-ori-breadcrumb\" data-id=\"5431d327\" data-element_type=\"widget\" data-e-type=\"widget\" data-widget_type=\"ori-breadcrumb.default\">\n\t\t\t\t<div class=\"elementor-widget-container\">\n\t\t\t\t\t        <div class=\"breadcrumbNftWrap\">\n                        <div class=\"orbitoBredcrumbs\"><a href=\"https:\/\/travelcompositor.com\/en\">Home<\/a><i>\/<\/i><\/div>        <\/div>\n       \t\t\t\t<\/div>\n\t\t\t\t<\/div>\n\t\t\t\t<\/div>\n\t\t\t\t\t<\/div>\n\t\t\t\t<\/div>\n\t\t<div class=\"elementor-element elementor-element-7fd389f e-flex e-con-boxed e-con e-parent\" data-id=\"7fd389f\" data-element_type=\"container\" data-e-type=\"container\">\n\t\t\t\t\t<div class=\"e-con-inner\">\n\t\t\t\t\t<\/div>\n\t\t\t\t<\/div>\n\t\t\t\t<section class=\"elementor-section elementor-top-section elementor-element elementor-element-6f6c7884 elementor-section-boxed elementor-section-height-default elementor-section-height-default\" data-id=\"6f6c7884\" data-element_type=\"section\" data-e-type=\"section\">\n\t\t\t\t\t\t<div class=\"elementor-container elementor-column-gap-custom\">\n\t\t\t\t\t<div class=\"elementor-column elementor-col-66 elementor-top-column elementor-element elementor-element-252248b1\" data-id=\"252248b1\" data-element_type=\"column\" data-e-type=\"column\">\n\t\t\t<div class=\"elementor-widget-wrap elementor-element-populated\">\n\t\t\t\t\t\t<div class=\"elementor-element elementor-element-699b25f4 elementor-widget__width-initial elementor-position-top elementor-widget elementor-widget-image-box\" data-id=\"699b25f4\" data-element_type=\"widget\" data-e-type=\"widget\" data-widget_type=\"image-box.default\">\n\t\t\t\t<div class=\"elementor-widget-container\">\n\t\t\t\t\t<div class=\"elementor-image-box-wrapper\"><figure class=\"elementor-image-box-img\"><img fetchpriority=\"high\" decoding=\"async\" width=\"330\" height=\"200\" src=\"https:\/\/travelcompositor.com\/wp-content\/uploads\/2026\/04\/visagov.png\" class=\"attachment-full size-full wp-image-16743\" alt=\"provider-visagov\" srcset=\"https:\/\/travelcompositor.com\/wp-content\/uploads\/2026\/04\/visagov.png 330w, https:\/\/travelcompositor.com\/wp-content\/uploads\/2026\/04\/visagov-300x182.png 300w, https:\/\/travelcompositor.com\/wp-content\/uploads\/2026\/04\/visagov-18x12.png 18w, https:\/\/travelcompositor.com\/wp-content\/uploads\/2026\/04\/visagov-200x121.png 200w\" sizes=\"(max-width: 330px) 100vw, 330px\" \/><\/figure><\/div>\t\t\t\t<\/div>\n\t\t\t\t<\/div>\n\t\t\t\t\t<\/div>\n\t\t<\/div>\n\t\t\t\t<div class=\"elementor-column elementor-col-33 elementor-top-column elementor-element elementor-element-67af8830\" data-id=\"67af8830\" data-element_type=\"column\" data-e-type=\"column\" data-settings=\"{&quot;animation&quot;:&quot;none&quot;}\">\n\t\t\t<div class=\"elementor-widget-wrap elementor-element-populated\">\n\t\t\t\t\t\t<div class=\"elementor-element elementor-element-a827cee menu_nav elementor-align-left elementor-widget elementor-widget-ori-navigation-service.php\" data-id=\"a827cee\" data-element_type=\"widget\" data-e-type=\"widget\" data-widget_type=\"ori-navigation-service.php.default\">\n\t\t\t\t<div class=\"elementor-widget-container\">\n\t\t\t\t\t        <aside class=\"serviceMenu\">\r\n                                <h3 class=\"widgetTitle\">Suppliers available<\/h3>\r\n                                <div class=\"menu-providers-container\"><ul id=\"menu-providers\" class=\"menu\"><li id=\"menu-item-4322\" class=\"menu-item menu-item-type-post_type menu-item-object-page menu-item-4322\"><a href=\"https:\/\/travelcompositor.com\/en\/providers\/transports-providers\/\">Transports<\/a><\/li>\n<li id=\"menu-item-4441\" class=\"menu-item menu-item-type-post_type menu-item-object-page menu-item-4441\"><a href=\"https:\/\/travelcompositor.com\/en\/providers\/activity-providers\/\">Activities<\/a><\/li>\n<li id=\"menu-item-4463\" class=\"menu-item menu-item-type-post_type menu-item-object-page menu-item-4463\"><a href=\"https:\/\/travelcompositor.com\/en\/providers\/hotels-providers\/\">Hotels<\/a><\/li>\n<li id=\"menu-item-4578\" class=\"menu-item menu-item-type-post_type menu-item-object-page menu-item-4578\"><a href=\"https:\/\/travelcompositor.com\/en\/providers\/payment-gateway\/\">Payment Gateways<\/a><\/li>\n<li id=\"menu-item-4620\" class=\"menu-item menu-item-type-post_type menu-item-object-page menu-item-4620\"><a href=\"https:\/\/travelcompositor.com\/en\/providers\/tours-and-travel-packages\/\">Tours and Travel Packages<\/a><\/li>\n<li id=\"menu-item-4645\" class=\"menu-item menu-item-type-post_type menu-item-object-page menu-item-4645\"><a href=\"https:\/\/travelcompositor.com\/en\/providers\/transfers-providers\/\">Transfers<\/a><\/li>\n<li id=\"menu-item-4683\" class=\"menu-item menu-item-type-post_type menu-item-object-page menu-item-4683\"><a href=\"https:\/\/travelcompositor.com\/en\/providers\/cruise-suppliers\/\">Cruises<\/a><\/li>\n<li id=\"menu-item-13531\" class=\"menu-item menu-item-type-post_type menu-item-object-page menu-item-13531\"><a href=\"https:\/\/travelcompositor.com\/en\/insurances\/\">Insurances<\/a><\/li>\n<li id=\"menu-item-13565\" class=\"menu-item menu-item-type-post_type menu-item-object-page menu-item-13565\"><a href=\"https:\/\/travelcompositor.com\/en\/rent-a-car\/\">Rent a car<\/a><\/li>\n<li id=\"menu-item-16160\" class=\"menu-item menu-item-type-post_type menu-item-object-page menu-item-16160\"><a href=\"https:\/\/travelcompositor.com\/en\/providers\/providers-esim\/\">eSim<\/a><\/li>\n<li id=\"menu-item-16750\" class=\"menu-item menu-item-type-post_type menu-item-object-page menu-item-16750\"><a href=\"https:\/\/travelcompositor.com\/en\/providers\/providers-visas\/\">Visas<\/a><\/li>\n<\/ul><\/div>        <\/aside>\r\n        \t\t\t\t<\/div>\n\t\t\t\t<\/div>\n\t\t\t\t\t<\/div>\n\t\t<\/div>\n\t\t\t\t\t<\/div>\n\t\t<\/section>\n\t\t\t\t<\/div>\n\t\t","protected":false},"excerpt":{"rendered":"<p>Visas Home\/ Suppliers available Transports Activities Hotels Payment Gateways Tours and Travel Packages Transfers Cruises Insurances Rent a car eSim Contact us and we will get back to you as soon as possible! Accept Privacy Policy Send to \u0394 Solve your doubts with our experts. Our team is ready to help you. Call us at [&hellip;]<\/p>\n","protected":false},"author":4,"featured_media":0,"parent":4295,"menu_order":11,"comment_status":"closed","ping_status":"closed","template":"","meta":{"footnotes":""},"class_list":["post-16734","page","type-page","status-publish","hentry"],"yoast_head":"<!-- This site is optimized with the Yoast SEO plugin v27.6 - https:\/\/yoast.com\/product\/yoast-seo-wordpress\/ -->\n<title>Visas | Travel Compositor - The Holistic System by TravelSoft<\/title>\n<meta name=\"description\" content=\"Soluciones tecnol\u00f3gicas para redes de agencias de viajes, turoperadores, OTAs y DMCs. Potencia tu negocio con nuestras herramientas.\" \/>\n<meta name=\"robots\" content=\"index, follow, max-snippet:-1, max-image-preview:large, max-video-preview:-1\" \/>\n<link rel=\"canonical\" href=\"https:\/\/travelcompositor.com\/en\/providers\/providers-visas\/\" \/>\n<meta property=\"og:locale\" content=\"en_GB\" \/>\n<meta property=\"og:type\" content=\"article\" \/>\n<meta property=\"og:title\" content=\"Visas | Travel Compositor - The Holistic System by TravelSoft\" \/>\n<meta property=\"og:description\" content=\"Soluciones tecnol\u00f3gicas para redes de agencias de viajes, turoperadores, OTAs y DMCs. Potencia tu negocio con nuestras herramientas.\" \/>\n<meta property=\"og:url\" content=\"https:\/\/travelcompositor.com\/en\/providers\/providers-visas\/\" \/>\n<meta property=\"og:site_name\" content=\"Travel Compositor - The Holistic System by TravelSoft\" \/>\n<meta property=\"article:modified_time\" content=\"2026-04-23T10:31:32+00:00\" \/>\n<meta property=\"og:image\" content=\"https:\/\/travelcompositor.com\/wp-content\/uploads\/2026\/04\/visagov.png\" \/>\n\t<meta property=\"og:image:width\" content=\"330\" \/>\n\t<meta property=\"og:image:height\" content=\"200\" \/>\n\t<meta property=\"og:image:type\" content=\"image\/png\" \/>\n<meta name=\"twitter:card\" content=\"summary_large_image\" \/>\n<meta name=\"twitter:site\" content=\"@TravelC_online\" \/>\n<meta name=\"twitter:label1\" content=\"Estimated reading time\" \/>\n\t<meta name=\"twitter:data1\" content=\"1 minute\" \/>\n<script type=\"application\/ld+json\" class=\"yoast-schema-graph\">{\"@context\":\"https:\\\/\\\/schema.org\",\"@graph\":[{\"@type\":\"WebPage\",\"@id\":\"https:\\\/\\\/travelcompositor.com\\\/providers\\\/providers-visas\\\/\",\"url\":\"https:\\\/\\\/travelcompositor.com\\\/providers\\\/providers-visas\\\/\",\"name\":\"Visas | Travel Compositor - The Holistic System by TravelSoft\",\"isPartOf\":{\"@id\":\"https:\\\/\\\/travelcompositor.com\\\/es\\\/#website\"},\"primaryImageOfPage\":{\"@id\":\"https:\\\/\\\/travelcompositor.com\\\/providers\\\/providers-visas\\\/#primaryimage\"},\"image\":{\"@id\":\"https:\\\/\\\/travelcompositor.com\\\/providers\\\/providers-visas\\\/#primaryimage\"},\"thumbnailUrl\":\"https:\\\/\\\/travelcompositor.com\\\/wp-content\\\/uploads\\\/2026\\\/04\\\/visagov.png\",\"datePublished\":\"2026-04-23T09:54:37+00:00\",\"dateModified\":\"2026-04-23T10:31:32+00:00\",\"description\":\"Soluciones tecnol\u00f3gicas para redes de agencias de viajes, turoperadores, OTAs y DMCs. Potencia tu negocio con nuestras herramientas.\",\"breadcrumb\":{\"@id\":\"https:\\\/\\\/travelcompositor.com\\\/providers\\\/providers-visas\\\/#breadcrumb\"},\"inLanguage\":\"en-GB\",\"potentialAction\":[{\"@type\":\"ReadAction\",\"target\":[\"https:\\\/\\\/travelcompositor.com\\\/providers\\\/providers-visas\\\/\"]}]},{\"@type\":\"ImageObject\",\"inLanguage\":\"en-GB\",\"@id\":\"https:\\\/\\\/travelcompositor.com\\\/providers\\\/providers-visas\\\/#primaryimage\",\"url\":\"https:\\\/\\\/travelcompositor.com\\\/wp-content\\\/uploads\\\/2026\\\/04\\\/visagov.png\",\"contentUrl\":\"https:\\\/\\\/travelcompositor.com\\\/wp-content\\\/uploads\\\/2026\\\/04\\\/visagov.png\"},{\"@type\":\"BreadcrumbList\",\"@id\":\"https:\\\/\\\/travelcompositor.com\\\/providers\\\/providers-visas\\\/#breadcrumb\",\"itemListElement\":[{\"@type\":\"ListItem\",\"position\":1,\"name\":\"Portada\",\"item\":\"https:\\\/\\\/travelcompositor.com\\\/\"},{\"@type\":\"ListItem\",\"position\":2,\"name\":\"Our providers\",\"item\":\"https:\\\/\\\/travelcompositor.com\\\/es\\\/providers\\\/\"},{\"@type\":\"ListItem\",\"position\":3,\"name\":\"Visas\"}]},{\"@type\":\"WebSite\",\"@id\":\"https:\\\/\\\/travelcompositor.com\\\/es\\\/#website\",\"url\":\"https:\\\/\\\/travelcompositor.com\\\/es\\\/\",\"name\":\"Travel Compositor - The Holistic System by TravelSoft\",\"description\":\"El \u00fanico sistema Hol\u00edstico de venta de viajes. nuestra tecnolog\u00eda ofrece todos los servicios necesarios para un viaje en una sola sesi\u00f3n y pago. Porque tenemos un modelo disponible para cada tipo de empresas de turismo, viajes y ocio. Porque ofrecemos un mundo servicios y valores a\u00f1adidos alrededor de la tecnolog\u00eda convirtiendonos en algo m\u00e1s que un proveedor, un generador de negocio y tu mejor socio para tu \u00e9xito y crecimiento.\",\"publisher\":{\"@id\":\"https:\\\/\\\/travelcompositor.com\\\/es\\\/#organization\"},\"alternateName\":\"Travel Compositor - The Holistic System by TravelSoft\",\"potentialAction\":[{\"@type\":\"SearchAction\",\"target\":{\"@type\":\"EntryPoint\",\"urlTemplate\":\"https:\\\/\\\/travelcompositor.com\\\/es\\\/?s={search_term_string}\"},\"query-input\":{\"@type\":\"PropertyValueSpecification\",\"valueRequired\":true,\"valueName\":\"search_term_string\"}}],\"inLanguage\":\"en-GB\"},{\"@type\":\"Organization\",\"@id\":\"https:\\\/\\\/travelcompositor.com\\\/es\\\/#organization\",\"name\":\"Travel Compositor - The Holistic System by TravelSoft\",\"alternateName\":\"TravelC\",\"url\":\"https:\\\/\\\/travelcompositor.com\\\/es\\\/\",\"logo\":{\"@type\":\"ImageObject\",\"inLanguage\":\"en-GB\",\"@id\":\"https:\\\/\\\/travelcompositor.com\\\/es\\\/#\\\/schema\\\/logo\\\/image\\\/\",\"url\":\"\",\"contentUrl\":\"\",\"caption\":\"Travel Compositor - The Holistic System by TravelSoft\"},\"image\":{\"@id\":\"https:\\\/\\\/travelcompositor.com\\\/es\\\/#\\\/schema\\\/logo\\\/image\\\/\"},\"sameAs\":[\"https:\\\/\\\/x.com\\\/TravelC_online\",\"https:\\\/\\\/www.linkedin.com\\\/company\\\/travelcompositor\\\/\",\"https:\\\/\\\/www.youtube.com\\\/channel\\\/UC7fnIOjOmM55eHolZtlIpsw\"]}]}<\/script>\n<!-- \/ Yoast SEO plugin. -->","yoast_head_json":{"title":"Visas | Travel Compositor - The Holistic System by TravelSoft","description":"Soluciones tecnol\u00f3gicas para redes de agencias de viajes, turoperadores, OTAs y DMCs. Potencia tu negocio con nuestras herramientas.","robots":{"index":"index","follow":"follow","max-snippet":"max-snippet:-1","max-image-preview":"max-image-preview:large","max-video-preview":"max-video-preview:-1"},"canonical":"https:\/\/travelcompositor.com\/en\/providers\/providers-visas\/","og_locale":"en_GB","og_type":"article","og_title":"Visas | Travel Compositor - The Holistic System by TravelSoft","og_description":"Soluciones tecnol\u00f3gicas para redes de agencias de viajes, turoperadores, OTAs y DMCs. Potencia tu negocio con nuestras herramientas.","og_url":"https:\/\/travelcompositor.com\/en\/providers\/providers-visas\/","og_site_name":"Travel Compositor - The Holistic System by TravelSoft","article_modified_time":"2026-04-23T10:31:32+00:00","og_image":[{"width":330,"height":200,"url":"https:\/\/travelcompositor.com\/wp-content\/uploads\/2026\/04\/visagov.png","type":"image\/png"}],"twitter_card":"summary_large_image","twitter_site":"@TravelC_online","twitter_misc":{"Estimated reading time":"1 minute"},"schema":{"@context":"https:\/\/schema.org","@graph":[{"@type":"WebPage","@id":"https:\/\/travelcompositor.com\/providers\/providers-visas\/","url":"https:\/\/travelcompositor.com\/providers\/providers-visas\/","name":"Visas | Travel Compositor - The Holistic System by TravelSoft","isPartOf":{"@id":"https:\/\/travelcompositor.com\/es\/#website"},"primaryImageOfPage":{"@id":"https:\/\/travelcompositor.com\/providers\/providers-visas\/#primaryimage"},"image":{"@id":"https:\/\/travelcompositor.com\/providers\/providers-visas\/#primaryimage"},"thumbnailUrl":"https:\/\/travelcompositor.com\/wp-content\/uploads\/2026\/04\/visagov.png","datePublished":"2026-04-23T09:54:37+00:00","dateModified":"2026-04-23T10:31:32+00:00","description":"Soluciones tecnol\u00f3gicas para redes de agencias de viajes, turoperadores, OTAs y DMCs. Potencia tu negocio con nuestras herramientas.","breadcrumb":{"@id":"https:\/\/travelcompositor.com\/providers\/providers-visas\/#breadcrumb"},"inLanguage":"en-GB","potentialAction":[{"@type":"ReadAction","target":["https:\/\/travelcompositor.com\/providers\/providers-visas\/"]}]},{"@type":"ImageObject","inLanguage":"en-GB","@id":"https:\/\/travelcompositor.com\/providers\/providers-visas\/#primaryimage","url":"https:\/\/travelcompositor.com\/wp-content\/uploads\/2026\/04\/visagov.png","contentUrl":"https:\/\/travelcompositor.com\/wp-content\/uploads\/2026\/04\/visagov.png"},{"@type":"BreadcrumbList","@id":"https:\/\/travelcompositor.com\/providers\/providers-visas\/#breadcrumb","itemListElement":[{"@type":"ListItem","position":1,"name":"Portada","item":"https:\/\/travelcompositor.com\/"},{"@type":"ListItem","position":2,"name":"Our providers","item":"https:\/\/travelcompositor.com\/es\/providers\/"},{"@type":"ListItem","position":3,"name":"Visas"}]},{"@type":"WebSite","@id":"https:\/\/travelcompositor.com\/es\/#website","url":"https:\/\/travelcompositor.com\/es\/","name":"Travel Compositor - The Holistic System by TravelSoft","description":"El \u00fanico sistema Hol\u00edstico de venta de viajes. nuestra tecnolog\u00eda ofrece todos los servicios necesarios para un viaje en una sola sesi\u00f3n y pago. Porque tenemos un modelo disponible para cada tipo de empresas de turismo, viajes y ocio. Porque ofrecemos un mundo servicios y valores a\u00f1adidos alrededor de la tecnolog\u00eda convirtiendonos en algo m\u00e1s que un proveedor, un generador de negocio y tu mejor socio para tu \u00e9xito y crecimiento.","publisher":{"@id":"https:\/\/travelcompositor.com\/es\/#organization"},"alternateName":"Travel Compositor - The Holistic System by TravelSoft","potentialAction":[{"@type":"SearchAction","target":{"@type":"EntryPoint","urlTemplate":"https:\/\/travelcompositor.com\/es\/?s={search_term_string}"},"query-input":{"@type":"PropertyValueSpecification","valueRequired":true,"valueName":"search_term_string"}}],"inLanguage":"en-GB"},{"@type":"Organization","@id":"https:\/\/travelcompositor.com\/es\/#organization","name":"Travel Compositor - The Holistic System by TravelSoft","alternateName":"TravelC","url":"https:\/\/travelcompositor.com\/es\/","logo":{"@type":"ImageObject","inLanguage":"en-GB","@id":"https:\/\/travelcompositor.com\/es\/#\/schema\/logo\/image\/","url":"","contentUrl":"","caption":"Travel Compositor - The Holistic System by TravelSoft"},"image":{"@id":"https:\/\/travelcompositor.com\/es\/#\/schema\/logo\/image\/"},"sameAs":["https:\/\/x.com\/TravelC_online","https:\/\/www.linkedin.com\/company\/travelcompositor\/","https:\/\/www.youtube.com\/channel\/UC7fnIOjOmM55eHolZtlIpsw"]}]}},"_links":{"self":[{"href":"https:\/\/travelcompositor.com\/en\/wp-json\/wp\/v2\/pages\/16734","targetHints":{"allow":["GET"]}}],"collection":[{"href":"https:\/\/travelcompositor.com\/en\/wp-json\/wp\/v2\/pages"}],"about":[{"href":"https:\/\/travelcompositor.com\/en\/wp-json\/wp\/v2\/types\/page"}],"author":[{"embeddable":true,"href":"https:\/\/travelcompositor.com\/en\/wp-json\/wp\/v2\/users\/4"}],"replies":[{"embeddable":true,"href":"https:\/\/travelcompositor.com\/en\/wp-json\/wp\/v2\/comments?post=16734"}],"version-history":[{"count":7,"href":"https:\/\/travelcompositor.com\/en\/wp-json\/wp\/v2\/pages\/16734\/revisions"}],"predecessor-version":[{"id":16749,"href":"https:\/\/travelcompositor.com\/en\/wp-json\/wp\/v2\/pages\/16734\/revisions\/16749"}],"up":[{"embeddable":true,"href":"https:\/\/travelcompositor.com\/en\/wp-json\/wp\/v2\/pages\/4295"}],"wp:attachment":[{"href":"https:\/\/travelcompositor.com\/en\/wp-json\/wp\/v2\/media?parent=16734"}],"curies":[{"name":"wp","href":"https:\/\/api.w.org\/{rel}","templated":true}]}}