{"id":16136,"date":"2025-11-26T11:30:23","date_gmt":"2025-11-26T10:30:23","guid":{"rendered":"https:\/\/travelcompositor.com\/?page_id=16136"},"modified":"2025-11-26T12:04:43","modified_gmt":"2025-11-26T11:04:43","slug":"providers-esim","status":"publish","type":"page","link":"https:\/\/travelcompositor.com\/en\/providers\/providers-esim\/","title":{"rendered":"eSim"},"content":{"rendered":"\t\t<div data-elementor-type=\"wp-page\" data-elementor-id=\"16136\" class=\"elementor elementor-16136\" data-elementor-post-type=\"page\">\n\t\t\t\t<div class=\"elementor-element elementor-element-9040096 e-flex e-con-boxed e-con e-parent\" data-id=\"9040096\" data-element_type=\"container\" data-e-type=\"container\" data-settings=\"{&quot;background_background&quot;:&quot;slideshow&quot;,&quot;background_slideshow_gallery&quot;:[{&quot;id&quot;:1952,&quot;url&quot;:&quot;https:\\\/\\\/www.travelcompositor.com\\\/wp-content\\\/uploads\\\/2022\\\/06\\\/1.1-1.jpg&quot;},{&quot;id&quot;:5099,&quot;url&quot;:&quot;https:\\\/\\\/www.travelcompositor.com\\\/wp-content\\\/uploads\\\/2022\\\/06\\\/slide-2.png&quot;}],&quot;background_slideshow_slide_duration&quot;:7000,&quot;background_slideshow_transition_duration&quot;:600,&quot;background_slideshow_ken_burns&quot;:&quot;yes&quot;,&quot;background_slideshow_loop&quot;:&quot;yes&quot;,&quot;background_slideshow_slide_transition&quot;:&quot;fade&quot;,&quot;background_slideshow_ken_burns_zoom_direction&quot;:&quot;in&quot;}\">\n\t\t\t\t\t<div class=\"e-con-inner\">\n\t\t<div class=\"elementor-element elementor-element-dc0a2fa e-grid e-con-full e-con e-child\" data-id=\"dc0a2fa\" data-element_type=\"container\" data-e-type=\"container\">\n\t\t\t\t<div class=\"elementor-element elementor-element-c01dd3f elementor-widget elementor-widget-heading\" data-id=\"c01dd3f\" data-element_type=\"widget\" data-e-type=\"widget\" data-widget_type=\"heading.default\">\n\t\t\t\t<div class=\"elementor-widget-container\">\n\t\t\t\t\t<h1 class=\"elementor-heading-title elementor-size-xxl\">eSims<\/h1>\t\t\t\t<\/div>\n\t\t\t\t<\/div>\n\t\t\t\t<div class=\"elementor-element elementor-element-9d6bdd7 elementor-widget elementor-widget-ori-breadcrumb\" data-id=\"9d6bdd7\" data-element_type=\"widget\" data-e-type=\"widget\" data-widget_type=\"ori-breadcrumb.default\">\n\t\t\t\t<div class=\"elementor-widget-container\">\n\t\t\t\t\t        <div class=\"breadcrumbNftWrap\">\n                        <div class=\"orbitoBredcrumbs\"><a href=\"https:\/\/travelcompositor.com\/en\">Home<\/a><i>\/<\/i><\/div>        <\/div>\n       \t\t\t\t<\/div>\n\t\t\t\t<\/div>\n\t\t\t\t<\/div>\n\t\t\t\t\t<\/div>\n\t\t\t\t<\/div>\n\t\t<div class=\"elementor-element elementor-element-fc152cf e-flex e-con-boxed e-con e-parent\" data-id=\"fc152cf\" data-element_type=\"container\" data-e-type=\"container\">\n\t\t\t\t\t<div class=\"e-con-inner\">\n\t\t\t\t\t<\/div>\n\t\t\t\t<\/div>\n\t\t\t\t<section class=\"elementor-section elementor-top-section elementor-element elementor-element-10dc2bac elementor-section-boxed elementor-section-height-default elementor-section-height-default\" data-id=\"10dc2bac\" data-element_type=\"section\" data-e-type=\"section\">\n\t\t\t\t\t\t<div class=\"elementor-container elementor-column-gap-custom\">\n\t\t\t\t\t<div class=\"elementor-column elementor-col-66 elementor-top-column elementor-element elementor-element-b803b3b\" data-id=\"b803b3b\" data-element_type=\"column\" data-e-type=\"column\">\n\t\t\t<div class=\"elementor-widget-wrap elementor-element-populated\">\n\t\t\t\t\t\t<div class=\"elementor-element elementor-element-4d5aad4e elementor-widget__width-initial elementor-position-top elementor-widget elementor-widget-image-box\" data-id=\"4d5aad4e\" data-element_type=\"widget\" data-e-type=\"widget\" data-widget_type=\"image-box.default\">\n\t\t\t\t<div class=\"elementor-widget-container\">\n\t\t\t\t\t<div class=\"elementor-image-box-wrapper\"><figure class=\"elementor-image-box-img\"><img fetchpriority=\"high\" decoding=\"async\" width=\"330\" height=\"200\" src=\"https:\/\/travelcompositor.com\/wp-content\/uploads\/2025\/11\/airalo.png\" class=\"attachment-full size-full wp-image-16103\" alt=\"provider-airalo\" srcset=\"https:\/\/travelcompositor.com\/wp-content\/uploads\/2025\/11\/airalo.png 330w, https:\/\/travelcompositor.com\/wp-content\/uploads\/2025\/11\/airalo-300x182.png 300w, https:\/\/travelcompositor.com\/wp-content\/uploads\/2025\/11\/airalo-18x12.png 18w, https:\/\/travelcompositor.com\/wp-content\/uploads\/2025\/11\/airalo-200x121.png 200w\" sizes=\"(max-width: 330px) 100vw, 330px\" \/><\/figure><\/div>\t\t\t\t<\/div>\n\t\t\t\t<\/div>\n\t\t\t\t<div class=\"elementor-element elementor-element-65d6d4e7 elementor-widget__width-initial elementor-position-top elementor-widget elementor-widget-image-box\" data-id=\"65d6d4e7\" data-element_type=\"widget\" data-e-type=\"widget\" data-widget_type=\"image-box.default\">\n\t\t\t\t<div class=\"elementor-widget-container\">\n\t\t\t\t\t<div class=\"elementor-image-box-wrapper\"><figure class=\"elementor-image-box-img\"><img decoding=\"async\" width=\"330\" height=\"200\" src=\"https:\/\/travelcompositor.com\/wp-content\/uploads\/2025\/11\/conecty.png\" class=\"attachment-full size-full wp-image-16104\" alt=\"provider-conecty\" srcset=\"https:\/\/travelcompositor.com\/wp-content\/uploads\/2025\/11\/conecty.png 330w, https:\/\/travelcompositor.com\/wp-content\/uploads\/2025\/11\/conecty-300x182.png 300w, https:\/\/travelcompositor.com\/wp-content\/uploads\/2025\/11\/conecty-18x12.png 18w, https:\/\/travelcompositor.com\/wp-content\/uploads\/2025\/11\/conecty-200x121.png 200w\" sizes=\"(max-width: 330px) 100vw, 330px\" \/><\/figure><\/div>\t\t\t\t<\/div>\n\t\t\t\t<\/div>\n\t\t\t\t\t<\/div>\n\t\t<\/div>\n\t\t\t\t<div class=\"elementor-column elementor-col-33 elementor-top-column elementor-element elementor-element-3ad686c2\" data-id=\"3ad686c2\" data-element_type=\"column\" data-e-type=\"column\" data-settings=\"{&quot;animation&quot;:&quot;none&quot;}\">\n\t\t\t<div class=\"elementor-widget-wrap elementor-element-populated\">\n\t\t\t\t\t\t<div class=\"elementor-element elementor-element-4c73e99d menu_nav elementor-align-left elementor-widget elementor-widget-ori-navigation-service.php\" data-id=\"4c73e99d\" data-element_type=\"widget\" data-e-type=\"widget\" data-widget_type=\"ori-navigation-service.php.default\">\n\t\t\t\t<div class=\"elementor-widget-container\">\n\t\t\t\t\t        <aside class=\"serviceMenu\">\r\n                                <h3 class=\"widgetTitle\">Suppliers available<\/h3>\r\n                                <div class=\"menu-providers-container\"><ul id=\"menu-providers\" class=\"menu\"><li id=\"menu-item-4322\" class=\"menu-item menu-item-type-post_type menu-item-object-page menu-item-4322\"><a href=\"https:\/\/travelcompositor.com\/en\/providers\/transports-providers\/\">Transports<\/a><\/li>\n<li id=\"menu-item-4441\" class=\"menu-item menu-item-type-post_type menu-item-object-page menu-item-4441\"><a href=\"https:\/\/travelcompositor.com\/en\/providers\/activity-providers\/\">Activities<\/a><\/li>\n<li id=\"menu-item-4463\" class=\"menu-item menu-item-type-post_type menu-item-object-page menu-item-4463\"><a href=\"https:\/\/travelcompositor.com\/en\/providers\/hotels-providers\/\">Hotels<\/a><\/li>\n<li id=\"menu-item-4578\" class=\"menu-item menu-item-type-post_type menu-item-object-page menu-item-4578\"><a href=\"https:\/\/travelcompositor.com\/en\/providers\/payment-gateway\/\">Payment Gateways<\/a><\/li>\n<li id=\"menu-item-4620\" class=\"menu-item menu-item-type-post_type menu-item-object-page menu-item-4620\"><a href=\"https:\/\/travelcompositor.com\/en\/providers\/tours-and-travel-packages\/\">Tours and Travel Packages<\/a><\/li>\n<li id=\"menu-item-4645\" class=\"menu-item menu-item-type-post_type menu-item-object-page menu-item-4645\"><a href=\"https:\/\/travelcompositor.com\/en\/providers\/transfers-providers\/\">Transfers<\/a><\/li>\n<li id=\"menu-item-4683\" class=\"menu-item menu-item-type-post_type menu-item-object-page menu-item-4683\"><a href=\"https:\/\/travelcompositor.com\/en\/providers\/cruise-suppliers\/\">Cruises<\/a><\/li>\n<li id=\"menu-item-13531\" class=\"menu-item menu-item-type-post_type menu-item-object-page menu-item-13531\"><a href=\"https:\/\/travelcompositor.com\/en\/insurances\/\">Insurances<\/a><\/li>\n<li id=\"menu-item-13565\" class=\"menu-item menu-item-type-post_type menu-item-object-page menu-item-13565\"><a href=\"https:\/\/travelcompositor.com\/en\/rent-a-car\/\">Rent a car<\/a><\/li>\n<li id=\"menu-item-16160\" class=\"menu-item menu-item-type-post_type menu-item-object-page menu-item-16160\"><a href=\"https:\/\/travelcompositor.com\/en\/providers\/providers-esim\/\">eSim<\/a><\/li>\n<li id=\"menu-item-16750\" class=\"menu-item menu-item-type-post_type menu-item-object-page menu-item-16750\"><a href=\"https:\/\/travelcompositor.com\/en\/providers\/providers-visas\/\">Visas<\/a><\/li>\n<\/ul><\/div>        <\/aside>\r\n        \t\t\t\t<\/div>\n\t\t\t\t<\/div>\n\t\t\t\t<div class=\"elementor-element elementor-element-5b1ff440 contact_align elementor-align-left elementor-widget elementor-widget-global elementor-global-3612 elementor-widget-ori-contact-form\" data-id=\"5b1ff440\" data-element_type=\"widget\" data-e-type=\"widget\" data-widget_type=\"ori-contact-form.default\">\n\t\t\t\t<div class=\"elementor-widget-container\">\n\t\t\t\t\t<div class=\"contactForm\">                                    <h3 class=\"widgetTitle\">Contact us and we will get back to you as soon as possible!<\/h3>\n<div class=\"wpcf7 no-js\" id=\"wpcf7-f71-o1\" lang=\"en-US\" dir=\"ltr\" data-wpcf7-id=\"71\">\n<div class=\"screen-reader-response\"><p role=\"status\" aria-live=\"polite\" aria-atomic=\"true\"><\/p> <ul><\/ul><\/div>\n<form action=\"\/en\/wp-json\/wp\/v2\/pages\/16136#wpcf7-f71-o1\" method=\"post\" class=\"wpcf7-form init\" aria-label=\"Contact form\" novalidate=\"novalidate\" data-status=\"init\">\n<fieldset class=\"hidden-fields-container\"><input type=\"hidden\" name=\"_wpcf7\" value=\"71\" \/><input type=\"hidden\" name=\"_wpcf7_version\" value=\"6.1.5\" \/><input type=\"hidden\" name=\"_wpcf7_locale\" value=\"en_US\" \/><input type=\"hidden\" name=\"_wpcf7_unit_tag\" value=\"wpcf7-f71-o1\" \/><input type=\"hidden\" name=\"_wpcf7_container_post\" value=\"0\" \/><input type=\"hidden\" name=\"_wpcf7_posted_data_hash\" value=\"\" \/><input type=\"hidden\" name=\"_wpcf7_recaptcha_response\" value=\"\" \/>\n<\/fieldset>\n<p><span class=\"wpcf7-form-control-wrap\" data-name=\"text-610\"><input size=\"40\" maxlength=\"400\" class=\"wpcf7-form-control wpcf7-text wpcf7-validates-as-required\" aria-required=\"true\" aria-invalid=\"false\" placeholder=\"Name and surname\" value=\"\" type=\"text\" name=\"text-610\" \/><\/span>\n<\/p>\n<p><span class=\"wpcf7-form-control-wrap\" data-name=\"email-150\"><input size=\"40\" maxlength=\"400\" class=\"wpcf7-form-control wpcf7-email wpcf7-validates-as-required wpcf7-text wpcf7-validates-as-email\" aria-required=\"true\" aria-invalid=\"false\" placeholder=\"Your email\" value=\"\" type=\"email\" name=\"email-150\" \/><\/span>\n<\/p>\n<p><span class=\"wpcf7-form-control-wrap\" data-name=\"prefix-tel-838\"><input size=\"40\" maxlength=\"400\" class=\"wpcf7-form-control wpcf7-text wpcf7-validates-as-required\" aria-required=\"true\" aria-invalid=\"false\" placeholder=\"Prefix\" value=\"\" type=\"text\" name=\"prefix-tel-838\" \/><\/span>\n<\/p>\n<p><span class=\"wpcf7-form-control-wrap\" data-name=\"tel-29\"><input size=\"40\" maxlength=\"400\" class=\"wpcf7-form-control wpcf7-tel wpcf7-validates-as-required wpcf7-text wpcf7-validates-as-tel\" aria-required=\"true\" aria-invalid=\"false\" placeholder=\"Telephone number\" value=\"\" type=\"tel\" name=\"tel-29\" \/><\/span>\n<\/p>\n<p><span class=\"wpcf7-form-control-wrap\" data-name=\"country-910\"><input size=\"40\" maxlength=\"400\" class=\"wpcf7-form-control wpcf7-text wpcf7-validates-as-required\" aria-required=\"true\" aria-invalid=\"false\" placeholder=\"Country\" value=\"\" type=\"text\" name=\"country-910\" \/><\/span>\n<\/p>\n<p><span class=\"wpcf7-form-control-wrap\" data-name=\"text-612\"><input size=\"40\" maxlength=\"400\" class=\"wpcf7-form-control wpcf7-text wpcf7-validates-as-required\" aria-required=\"true\" aria-invalid=\"false\" placeholder=\"Company name\" value=\"\" type=\"text\" name=\"text-612\" \/><\/span>\n<\/p>\n<p><span class=\"wpcf7-form-control-wrap\" data-name=\"textarea-298\"><textarea cols=\"40\" rows=\"10\" maxlength=\"2000\" class=\"wpcf7-form-control wpcf7-textarea\" aria-invalid=\"false\" placeholder=\"Write your message here\" name=\"textarea-298\"><\/textarea><\/span>\n<\/p>\n<span class=\"wpcf7-form-control-wrap recaptcha\" data-name=\"recaptcha\"><span data-sitekey=\"6LefTo4nAAAAACHmDQidSINo1igv2F9nezobfJM3\" class=\"wpcf7-form-control wpcf7-recaptcha g-recaptcha\"><\/span>\r\n<noscript>\r\n\t<div class=\"grecaptcha-noscript\">\r\n\t\t<iframe src=\"https:\/\/www.google.com\/recaptcha\/api\/fallback?k=6LefTo4nAAAAACHmDQidSINo1igv2F9nezobfJM3\" frameborder=\"0\" scrolling=\"no\" width=\"310\" height=\"430\">\r\n\t\t<\/iframe>\r\n\t\t<textarea name=\"g-recaptcha-response\" rows=\"3\" cols=\"40\" placeholder=\"reCaptcha Response Here\">\r\n\t\t<\/textarea>\r\n\t<\/div>\r\n<\/noscript>\r\n<\/span>\n<p><span class=\"wpcf7-form-control-wrap\" data-name=\"checkbox-79\"><span class=\"wpcf7-form-control wpcf7-checkbox wpcf7-validates-as-required\"><span class=\"wpcf7-list-item first last\"><label><input type=\"checkbox\" name=\"checkbox-79[]\" value=\"Accept Privacy Policy\" \/><span class=\"wpcf7-list-item-label\">Accept Privacy Policy<\/span><\/label><\/span><\/span><\/span>\n<\/p>\n<p><button type=\"submit\" class=\"orbBtn01\"><span class=\"bp-shape\"><\/span><span class=\"bp-shape\"><\/span><span class=\"bp-shape\"><\/span><span class=\"bp-shape\"><\/span><span class=\"bp-text\">Send to<\/span><\/button>\n<\/p><p style=\"display: none !important;\" class=\"akismet-fields-container\" data-prefix=\"_wpcf7_ak_\"><label>\u0394<textarea name=\"_wpcf7_ak_hp_textarea\" cols=\"45\" rows=\"8\" maxlength=\"100\"><\/textarea><\/label><input type=\"hidden\" id=\"ak_js_1\" name=\"_wpcf7_ak_js\" value=\"66\"\/><script>\ndocument.getElementById( \"ak_js_1\" ).setAttribute( \"value\", ( new Date() ).getTime() );\n<\/script>\n<\/p><div class=\"wpcf7-response-output\" aria-hidden=\"true\"><\/div>\n<\/form>\n<\/div>\n<\/div>\t\t\t\t<\/div>\n\t\t\t\t<\/div>\n\t\t\t\t<div class=\"elementor-element elementor-element-5ccdebd0 box_holder elementor-align-left elementor-widget elementor-widget-global elementor-global-3615 elementor-widget-ori-service-info\" data-id=\"5ccdebd0\" data-element_type=\"widget\" data-e-type=\"widget\" data-widget_type=\"ori-service-info.default\">\n\t\t\t\t<div class=\"elementor-widget-container\">\n\t\t\t\t\t        <aside class=\"widget helpWidget\">\r\n                                        <h3 class=\"widget_title\"><b>Solve your doubts with our experts.<\/b><\/h3>\r\n                                                        <p>Our team is ready to help you.<\/p>\r\n                                <div class=\"headerCall\">\r\n                        <i class=\"orbito-phone\"><\/i>\r\n                                                        <h4>Call us at<\/h4>\r\n                                                                                <h3>+34 971 55 72 43<\/h3>\r\n                                        <\/div>\r\n        <\/aside>\r\n        \t\t\t\t<\/div>\n\t\t\t\t<\/div>\n\t\t\t\t\t<\/div>\n\t\t<\/div>\n\t\t\t\t\t<\/div>\n\t\t<\/section>\n\t\t\t\t<\/div>\n\t\t","protected":false},"excerpt":{"rendered":"<p>eSims Home\/ Suppliers available Transports Activities Hotels Payment Gateways Tours and Travel Packages Transfers Cruises Insurances Rent a car Contact us and we will get back to you as soon as possible! Accept Privacy Policy Send to \u0394 Solve your doubts with our experts. Our team is ready to help you. Call us at +34 [&hellip;]<\/p>\n","protected":false},"author":4,"featured_media":0,"parent":4295,"menu_order":5,"comment_status":"closed","ping_status":"closed","template":"","meta":{"footnotes":""},"class_list":["post-16136","page","type-page","status-publish","hentry"],"yoast_head":"<!-- This site is optimized with the Yoast SEO plugin v27.5 - https:\/\/yoast.com\/product\/yoast-seo-wordpress\/ -->\n<title>eSim | Travel Compositor - The Holistic System by TravelSoft<\/title>\n<meta name=\"description\" content=\"Soluciones tecnol\u00f3gicas para redes de agencias de viajes, turoperadores, OTAs y DMCs. Potencia tu negocio con nuestras herramientas.\" \/>\n<meta name=\"robots\" content=\"index, follow, max-snippet:-1, max-image-preview:large, max-video-preview:-1\" \/>\n<link rel=\"canonical\" href=\"https:\/\/travelcompositor.com\/en\/providers\/providers-esim\/\" \/>\n<meta property=\"og:locale\" content=\"en_GB\" \/>\n<meta property=\"og:type\" content=\"article\" \/>\n<meta property=\"og:title\" content=\"eSim | Travel Compositor - The Holistic System by TravelSoft\" \/>\n<meta property=\"og:description\" content=\"Soluciones tecnol\u00f3gicas para redes de agencias de viajes, turoperadores, OTAs y DMCs. Potencia tu negocio con nuestras herramientas.\" \/>\n<meta property=\"og:url\" content=\"https:\/\/travelcompositor.com\/en\/providers\/providers-esim\/\" \/>\n<meta property=\"og:site_name\" content=\"Travel Compositor - The Holistic System by TravelSoft\" \/>\n<meta property=\"article:modified_time\" content=\"2025-11-26T11:04:43+00:00\" \/>\n<meta property=\"og:image\" content=\"https:\/\/travelcompositor.com\/wp-content\/uploads\/2025\/11\/airalo.png\" \/>\n<meta name=\"twitter:card\" content=\"summary_large_image\" \/>\n<meta name=\"twitter:site\" content=\"@TravelC_online\" \/>\n<meta name=\"twitter:label1\" content=\"Estimated reading time\" \/>\n\t<meta name=\"twitter:data1\" content=\"1 minute\" \/>\n<script type=\"application\/ld+json\" class=\"yoast-schema-graph\">{\"@context\":\"https:\\\/\\\/schema.org\",\"@graph\":[{\"@type\":\"WebPage\",\"@id\":\"https:\\\/\\\/travelcompositor.com\\\/providers\\\/providers-esim\\\/\",\"url\":\"https:\\\/\\\/travelcompositor.com\\\/providers\\\/providers-esim\\\/\",\"name\":\"eSim | Travel Compositor - The Holistic System by TravelSoft\",\"isPartOf\":{\"@id\":\"https:\\\/\\\/travelcompositor.com\\\/es\\\/#website\"},\"primaryImageOfPage\":{\"@id\":\"https:\\\/\\\/travelcompositor.com\\\/providers\\\/providers-esim\\\/#primaryimage\"},\"image\":{\"@id\":\"https:\\\/\\\/travelcompositor.com\\\/providers\\\/providers-esim\\\/#primaryimage\"},\"thumbnailUrl\":\"https:\\\/\\\/travelcompositor.com\\\/wp-content\\\/uploads\\\/2025\\\/11\\\/airalo.png\",\"datePublished\":\"2025-11-26T10:30:23+00:00\",\"dateModified\":\"2025-11-26T11:04:43+00:00\",\"description\":\"Soluciones tecnol\u00f3gicas para redes de agencias de viajes, turoperadores, OTAs y DMCs. Potencia tu negocio con nuestras herramientas.\",\"breadcrumb\":{\"@id\":\"https:\\\/\\\/travelcompositor.com\\\/providers\\\/providers-esim\\\/#breadcrumb\"},\"inLanguage\":\"en-GB\",\"potentialAction\":[{\"@type\":\"ReadAction\",\"target\":[\"https:\\\/\\\/travelcompositor.com\\\/providers\\\/providers-esim\\\/\"]}]},{\"@type\":\"ImageObject\",\"inLanguage\":\"en-GB\",\"@id\":\"https:\\\/\\\/travelcompositor.com\\\/providers\\\/providers-esim\\\/#primaryimage\",\"url\":\"https:\\\/\\\/travelcompositor.com\\\/wp-content\\\/uploads\\\/2025\\\/11\\\/airalo.png\",\"contentUrl\":\"https:\\\/\\\/travelcompositor.com\\\/wp-content\\\/uploads\\\/2025\\\/11\\\/airalo.png\"},{\"@type\":\"BreadcrumbList\",\"@id\":\"https:\\\/\\\/travelcompositor.com\\\/providers\\\/providers-esim\\\/#breadcrumb\",\"itemListElement\":[{\"@type\":\"ListItem\",\"position\":1,\"name\":\"Portada\",\"item\":\"https:\\\/\\\/travelcompositor.com\\\/\"},{\"@type\":\"ListItem\",\"position\":2,\"name\":\"Our providers\",\"item\":\"https:\\\/\\\/travelcompositor.com\\\/es\\\/providers\\\/\"},{\"@type\":\"ListItem\",\"position\":3,\"name\":\"eSim\"}]},{\"@type\":\"WebSite\",\"@id\":\"https:\\\/\\\/travelcompositor.com\\\/es\\\/#website\",\"url\":\"https:\\\/\\\/travelcompositor.com\\\/es\\\/\",\"name\":\"Travel Compositor - The Holistic System by TravelSoft\",\"description\":\"El \u00fanico sistema Hol\u00edstico de venta de viajes. nuestra tecnolog\u00eda ofrece todos los servicios necesarios para un viaje en una sola sesi\u00f3n y pago. Porque tenemos un modelo disponible para cada tipo de empresas de turismo, viajes y ocio. Porque ofrecemos un mundo servicios y valores a\u00f1adidos alrededor de la tecnolog\u00eda convirtiendonos en algo m\u00e1s que un proveedor, un generador de negocio y tu mejor socio para tu \u00e9xito y crecimiento.\",\"publisher\":{\"@id\":\"https:\\\/\\\/travelcompositor.com\\\/es\\\/#organization\"},\"alternateName\":\"Travel Compositor - The Holistic System by TravelSoft\",\"potentialAction\":[{\"@type\":\"SearchAction\",\"target\":{\"@type\":\"EntryPoint\",\"urlTemplate\":\"https:\\\/\\\/travelcompositor.com\\\/es\\\/?s={search_term_string}\"},\"query-input\":{\"@type\":\"PropertyValueSpecification\",\"valueRequired\":true,\"valueName\":\"search_term_string\"}}],\"inLanguage\":\"en-GB\"},{\"@type\":\"Organization\",\"@id\":\"https:\\\/\\\/travelcompositor.com\\\/es\\\/#organization\",\"name\":\"Travel Compositor - The Holistic System by TravelSoft\",\"alternateName\":\"TravelC\",\"url\":\"https:\\\/\\\/travelcompositor.com\\\/es\\\/\",\"logo\":{\"@type\":\"ImageObject\",\"inLanguage\":\"en-GB\",\"@id\":\"https:\\\/\\\/travelcompositor.com\\\/es\\\/#\\\/schema\\\/logo\\\/image\\\/\",\"url\":\"\",\"contentUrl\":\"\",\"caption\":\"Travel Compositor - The Holistic System by TravelSoft\"},\"image\":{\"@id\":\"https:\\\/\\\/travelcompositor.com\\\/es\\\/#\\\/schema\\\/logo\\\/image\\\/\"},\"sameAs\":[\"https:\\\/\\\/x.com\\\/TravelC_online\",\"https:\\\/\\\/www.linkedin.com\\\/company\\\/travelcompositor\\\/\",\"https:\\\/\\\/www.youtube.com\\\/channel\\\/UC7fnIOjOmM55eHolZtlIpsw\"]}]}<\/script>\n<!-- \/ Yoast SEO plugin. -->","yoast_head_json":{"title":"eSim | Travel Compositor - The Holistic System by TravelSoft","description":"Soluciones tecnol\u00f3gicas para redes de agencias de viajes, turoperadores, OTAs y DMCs. Potencia tu negocio con nuestras herramientas.","robots":{"index":"index","follow":"follow","max-snippet":"max-snippet:-1","max-image-preview":"max-image-preview:large","max-video-preview":"max-video-preview:-1"},"canonical":"https:\/\/travelcompositor.com\/en\/providers\/providers-esim\/","og_locale":"en_GB","og_type":"article","og_title":"eSim | Travel Compositor - The Holistic System by TravelSoft","og_description":"Soluciones tecnol\u00f3gicas para redes de agencias de viajes, turoperadores, OTAs y DMCs. Potencia tu negocio con nuestras herramientas.","og_url":"https:\/\/travelcompositor.com\/en\/providers\/providers-esim\/","og_site_name":"Travel Compositor - The Holistic System by TravelSoft","article_modified_time":"2025-11-26T11:04:43+00:00","og_image":[{"url":"https:\/\/travelcompositor.com\/wp-content\/uploads\/2025\/11\/airalo.png","type":"","width":"","height":""}],"twitter_card":"summary_large_image","twitter_site":"@TravelC_online","twitter_misc":{"Estimated reading time":"1 minute"},"schema":{"@context":"https:\/\/schema.org","@graph":[{"@type":"WebPage","@id":"https:\/\/travelcompositor.com\/providers\/providers-esim\/","url":"https:\/\/travelcompositor.com\/providers\/providers-esim\/","name":"eSim | Travel Compositor - The Holistic System by TravelSoft","isPartOf":{"@id":"https:\/\/travelcompositor.com\/es\/#website"},"primaryImageOfPage":{"@id":"https:\/\/travelcompositor.com\/providers\/providers-esim\/#primaryimage"},"image":{"@id":"https:\/\/travelcompositor.com\/providers\/providers-esim\/#primaryimage"},"thumbnailUrl":"https:\/\/travelcompositor.com\/wp-content\/uploads\/2025\/11\/airalo.png","datePublished":"2025-11-26T10:30:23+00:00","dateModified":"2025-11-26T11:04:43+00:00","description":"Soluciones tecnol\u00f3gicas para redes de agencias de viajes, turoperadores, OTAs y DMCs. Potencia tu negocio con nuestras herramientas.","breadcrumb":{"@id":"https:\/\/travelcompositor.com\/providers\/providers-esim\/#breadcrumb"},"inLanguage":"en-GB","potentialAction":[{"@type":"ReadAction","target":["https:\/\/travelcompositor.com\/providers\/providers-esim\/"]}]},{"@type":"ImageObject","inLanguage":"en-GB","@id":"https:\/\/travelcompositor.com\/providers\/providers-esim\/#primaryimage","url":"https:\/\/travelcompositor.com\/wp-content\/uploads\/2025\/11\/airalo.png","contentUrl":"https:\/\/travelcompositor.com\/wp-content\/uploads\/2025\/11\/airalo.png"},{"@type":"BreadcrumbList","@id":"https:\/\/travelcompositor.com\/providers\/providers-esim\/#breadcrumb","itemListElement":[{"@type":"ListItem","position":1,"name":"Portada","item":"https:\/\/travelcompositor.com\/"},{"@type":"ListItem","position":2,"name":"Our providers","item":"https:\/\/travelcompositor.com\/es\/providers\/"},{"@type":"ListItem","position":3,"name":"eSim"}]},{"@type":"WebSite","@id":"https:\/\/travelcompositor.com\/es\/#website","url":"https:\/\/travelcompositor.com\/es\/","name":"Travel Compositor - The Holistic System by TravelSoft","description":"El \u00fanico sistema Hol\u00edstico de venta de viajes. nuestra tecnolog\u00eda ofrece todos los servicios necesarios para un viaje en una sola sesi\u00f3n y pago. Porque tenemos un modelo disponible para cada tipo de empresas de turismo, viajes y ocio. Porque ofrecemos un mundo servicios y valores a\u00f1adidos alrededor de la tecnolog\u00eda convirtiendonos en algo m\u00e1s que un proveedor, un generador de negocio y tu mejor socio para tu \u00e9xito y crecimiento.","publisher":{"@id":"https:\/\/travelcompositor.com\/es\/#organization"},"alternateName":"Travel Compositor - The Holistic System by TravelSoft","potentialAction":[{"@type":"SearchAction","target":{"@type":"EntryPoint","urlTemplate":"https:\/\/travelcompositor.com\/es\/?s={search_term_string}"},"query-input":{"@type":"PropertyValueSpecification","valueRequired":true,"valueName":"search_term_string"}}],"inLanguage":"en-GB"},{"@type":"Organization","@id":"https:\/\/travelcompositor.com\/es\/#organization","name":"Travel Compositor - The Holistic System by TravelSoft","alternateName":"TravelC","url":"https:\/\/travelcompositor.com\/es\/","logo":{"@type":"ImageObject","inLanguage":"en-GB","@id":"https:\/\/travelcompositor.com\/es\/#\/schema\/logo\/image\/","url":"","contentUrl":"","caption":"Travel Compositor - The Holistic System by TravelSoft"},"image":{"@id":"https:\/\/travelcompositor.com\/es\/#\/schema\/logo\/image\/"},"sameAs":["https:\/\/x.com\/TravelC_online","https:\/\/www.linkedin.com\/company\/travelcompositor\/","https:\/\/www.youtube.com\/channel\/UC7fnIOjOmM55eHolZtlIpsw"]}]}},"_links":{"self":[{"href":"https:\/\/travelcompositor.com\/en\/wp-json\/wp\/v2\/pages\/16136","targetHints":{"allow":["GET"]}}],"collection":[{"href":"https:\/\/travelcompositor.com\/en\/wp-json\/wp\/v2\/pages"}],"about":[{"href":"https:\/\/travelcompositor.com\/en\/wp-json\/wp\/v2\/types\/page"}],"author":[{"embeddable":true,"href":"https:\/\/travelcompositor.com\/en\/wp-json\/wp\/v2\/users\/4"}],"replies":[{"embeddable":true,"href":"https:\/\/travelcompositor.com\/en\/wp-json\/wp\/v2\/comments?post=16136"}],"version-history":[{"count":16,"href":"https:\/\/travelcompositor.com\/en\/wp-json\/wp\/v2\/pages\/16136\/revisions"}],"predecessor-version":[{"id":16159,"href":"https:\/\/travelcompositor.com\/en\/wp-json\/wp\/v2\/pages\/16136\/revisions\/16159"}],"up":[{"embeddable":true,"href":"https:\/\/travelcompositor.com\/en\/wp-json\/wp\/v2\/pages\/4295"}],"wp:attachment":[{"href":"https:\/\/travelcompositor.com\/en\/wp-json\/wp\/v2\/media?parent=16136"}],"curies":[{"name":"wp","href":"https:\/\/api.w.org\/{rel}","templated":true}]}}